{"id":1175,"date":"2025-10-22T10:09:38","date_gmt":"2025-10-22T08:09:38","guid":{"rendered":"https:\/\/www.acapp.fr\/?page_id=1175"},"modified":"2025-10-22T17:04:35","modified_gmt":"2025-10-22T15:04:35","slug":"vienne","status":"publish","type":"page","link":"https:\/\/www.acapp.fr\/index.php\/sorties-culturelles\/vienne\/","title":{"rendered":"vienne"},"content":{"rendered":"\n<p class=\"has-text-align-center has-foreground-color has-secondary-background-color has-text-color has-background has-link-color has-large-font-size wp-elements-46c55b796f2817143bed486664972308\"><strong>VIENNE L&rsquo;IMPERIALE<\/strong><\/p>\n\n\n\n<p class=\"has-text-align-center has-vivid-red-color has-text-color has-link-color has-large-font-size wp-elements-80242aa676bd6708b3da9b238d232ef1\"><strong>6 jours &#8211; 5 nuits du 19 au 24 juin 2026<\/strong><\/p>\n\n\n\n<figure class=\"wp-block-image aligncenter size-full is-resized\"><img loading=\"lazy\" decoding=\"async\" width=\"540\" height=\"312\" src=\"https:\/\/www.acapp.fr\/wp-content\/uploads\/2025\/10\/Vienne-3.jpg\" alt=\"\" class=\"wp-image-1178\" style=\"width:353px;height:auto\" srcset=\"https:\/\/www.acapp.fr\/wp-content\/uploads\/2025\/10\/Vienne-3.jpg 540w, https:\/\/www.acapp.fr\/wp-content\/uploads\/2025\/10\/Vienne-3-300x173.jpg 300w\" sizes=\"auto, (max-width: 540px) 100vw, 540px\" \/><\/figure>\n\n\n\n<p class=\"has-foreground-color has-text-color has-link-color wp-elements-3a7544dda131a2a6b65924620bed1feb\"><strong>L&rsquo;ACAPP s&rsquo;est rapproch\u00e9 du voyagiste <em>Arts et Vie<\/em> afin de proposer \u00e0 ses adh\u00e9rents un voyage culturel \u00e0 un tarif <em>Groupe<\/em>.<\/strong><\/p>\n\n\n\n<div class=\"wp-block-file aligncenter\"><a id=\"wp-block-file--media-839039a6-1af1-4d3f-8955-47adeaab47a8\" href=\"https:\/\/www.acapp.fr\/wp-content\/uploads\/2025\/10\/Programme-sejour-a-Vienne-1.pdf\" target=\"_blank\" rel=\"noreferrer noopener\"><strong>Programme sejour \u00e0 Vienne<\/strong><\/a><a href=\"https:\/\/www.acapp.fr\/wp-content\/uploads\/2025\/10\/Programme-sejour-a-Vienne-1.pdf\" class=\"wp-block-file__button wp-element-button\" download aria-describedby=\"wp-block-file--media-839039a6-1af1-4d3f-8955-47adeaab47a8\">T\u00e9l\u00e9charger<\/a><\/div>\n\n\n\n<p class=\"has-foreground-color has-text-color has-link-color wp-elements-ed019c1673e0dc2453499c44e1ed77c2\"><strong>Si ce voyage vous int\u00e9resse, vous pouvez t\u00e9l\u00e9charger le bulletin d&rsquo;inscription ci-dessous et l&rsquo;envoyer \u00e0 <em>Arts et Vie<\/em><\/strong>.<\/p>\n\n\n\n<div class=\"wp-block-file aligncenter\"><a id=\"wp-block-file--media-7283c4fd-a518-4ab0-b02d-0eab590c9bcb\" href=\"https:\/\/www.acapp.fr\/wp-content\/uploads\/2025\/10\/bulletin-inscription-Vienne.docx\" target=\"_blank\" rel=\"noreferrer noopener\"><strong>bulletin inscription Vienne<\/strong><\/a><a href=\"https:\/\/www.acapp.fr\/wp-content\/uploads\/2025\/10\/bulletin-inscription-Vienne.docx\" class=\"wp-block-file__button wp-element-button\" download aria-describedby=\"wp-block-file--media-7283c4fd-a518-4ab0-b02d-0eab590c9bcb\">T\u00e9l\u00e9charger<\/a><\/div>\n","protected":false},"excerpt":{"rendered":"<p>VIENNE L&rsquo;IMPERIALE 6 jours &#8211; 5 nuits du 19 au 24 juin 2026 L&rsquo;ACAPP s&rsquo;est rapproch\u00e9 du voyagiste Arts et Vie afin de proposer \u00e0 ses adh\u00e9rents un voyage culturel \u00e0 un tarif Groupe. Si ce voyage vous int\u00e9resse, vous pouvez t\u00e9l\u00e9charger le bulletin d&rsquo;inscription ci-dessous et l&rsquo;envoyer \u00e0 Arts et Vie.<\/p>\n","protected":false},"author":1,"featured_media":0,"parent":103,"menu_order":0,"comment_status":"closed","ping_status":"closed","template":"","meta":{"footnotes":""},"class_list":["post-1175","page","type-page","status-publish","hentry"],"_links":{"self":[{"href":"https:\/\/www.acapp.fr\/index.php\/wp-json\/wp\/v2\/pages\/1175","targetHints":{"allow":["GET"]}}],"collection":[{"href":"https:\/\/www.acapp.fr\/index.php\/wp-json\/wp\/v2\/pages"}],"about":[{"href":"https:\/\/www.acapp.fr\/index.php\/wp-json\/wp\/v2\/types\/page"}],"author":[{"embeddable":true,"href":"https:\/\/www.acapp.fr\/index.php\/wp-json\/wp\/v2\/users\/1"}],"replies":[{"embeddable":true,"href":"https:\/\/www.acapp.fr\/index.php\/wp-json\/wp\/v2\/comments?post=1175"}],"version-history":[{"count":3,"href":"https:\/\/www.acapp.fr\/index.php\/wp-json\/wp\/v2\/pages\/1175\/revisions"}],"predecessor-version":[{"id":1188,"href":"https:\/\/www.acapp.fr\/index.php\/wp-json\/wp\/v2\/pages\/1175\/revisions\/1188"}],"up":[{"embeddable":true,"href":"https:\/\/www.acapp.fr\/index.php\/wp-json\/wp\/v2\/pages\/103"}],"wp:attachment":[{"href":"https:\/\/www.acapp.fr\/index.php\/wp-json\/wp\/v2\/media?parent=1175"}],"curies":[{"name":"wp","href":"https:\/\/api.w.org\/{rel}","templated":true}]}}