{"id":1143,"date":"2025-09-29T17:23:23","date_gmt":"2025-09-29T15:23:23","guid":{"rendered":"https:\/\/www.acapp.fr\/?page_id=1143"},"modified":"2025-10-30T17:24:04","modified_gmt":"2025-10-30T16:24:04","slug":"hundertwasser","status":"publish","type":"page","link":"https:\/\/www.acapp.fr\/index.php\/conferences\/hundertwasser\/","title":{"rendered":"Hundertwasser"},"content":{"rendered":"\n<p class=\"has-text-align-center has-foreground-color has-secondary-background-color has-text-color has-background has-link-color has-large-font-size wp-elements-9e3b4c0ac9e8a1197c51144a3d04fe38\"><strong>CONFERENCE <em>\u00ab<\/em> HUNDERTWASSER <em><em>\u00bb<\/em><\/em><\/strong><\/p>\n\n\n\n<p class=\"has-text-align-center has-foreground-color has-text-color has-link-color has-large-font-size wp-elements-f84b93a64066c265ae1390cf3bd9e315\"><strong>Un pr\u00e9curseur de l&rsquo;\u00e9cologie<\/strong><\/p>\n\n\n\n<p class=\"has-text-align-center has-foreground-color has-text-color has-link-color wp-elements-e45fb240e1c944b6fa997c3293ac49d9\"><strong>Pr\u00e9sent\u00e9e par Agn\u00e8s Guenassia<\/strong><\/p>\n\n\n\n<p class=\"has-text-align-center has-foreground-color has-text-color has-link-color has-small-font-size wp-elements-04071cadc8eaae263b0311b1d2dde86d\"><strong><em>Conf\u00e9renci\u00e8re en Art Moderne et Contemporain, professeur d\u2019Arts Plastiques<\/em><\/strong><\/p>\n\n\n\n<figure class=\"wp-block-gallery has-nested-images columns-default is-cropped wp-block-gallery-1 is-layout-flex wp-block-gallery-is-layout-flex\">\n<figure class=\"wp-block-image size-large\"><img loading=\"lazy\" decoding=\"async\" width=\"672\" height=\"900\" data-id=\"1144\" src=\"https:\/\/www.acapp.fr\/wp-content\/uploads\/2025\/09\/hundertwasser1.jpg\" alt=\"\" class=\"wp-image-1144\" srcset=\"https:\/\/www.acapp.fr\/wp-content\/uploads\/2025\/09\/hundertwasser1.jpg 672w, https:\/\/www.acapp.fr\/wp-content\/uploads\/2025\/09\/hundertwasser1-224x300.jpg 224w\" sizes=\"auto, (max-width: 672px) 100vw, 672px\" \/><\/figure>\n\n\n\n<figure class=\"wp-block-image size-large\"><img loading=\"lazy\" decoding=\"async\" width=\"651\" height=\"900\" data-id=\"1145\" src=\"https:\/\/www.acapp.fr\/wp-content\/uploads\/2025\/09\/hundertwasser2.jpg\" alt=\"\" class=\"wp-image-1145\" srcset=\"https:\/\/www.acapp.fr\/wp-content\/uploads\/2025\/09\/hundertwasser2.jpg 651w, https:\/\/www.acapp.fr\/wp-content\/uploads\/2025\/09\/hundertwasser2-217x300.jpg 217w\" sizes=\"auto, (max-width: 651px) 100vw, 651px\" \/><\/figure>\n<\/figure>\n\n\n<p><span style=\"color: #000000;\">Peintre, architecte, artiste engag\u00e9, non conformiste et grand voyageur, Hundertwasser (1928-2000) \u00e9tait un \u00e9cologiste avant-gardiste, un amoureux de la d\u00e9mocratisation du beau et un pionnier de l&rsquo;architecture humaniste. Nous verrons comment cet engagement s&rsquo;est manifest\u00e9 dans son oeuvre, qui peut aujourd&rsquo;hui encore \u00eatre source d&rsquo;inspiration pour des g\u00e9n\u00e9rations de b\u00e2tisseurs verts.<\/span><\/p>\n\n\n<p class=\"has-text-align-center has-vivid-red-color has-text-color has-link-color has-large-font-size wp-elements-96255b52af9cbafcec0ea1b832bfeef3\"><strong>MARDI 18 NOVEMBRE 2025 \u00c0 18H<\/strong><\/p>\n\n\n\n<p><strong>Auditorium Charles Aznavour complexe sportif \u00ab Le Podium \u00bb,<\/strong> <strong>\u00e0 cot\u00e9 du CFAI, chemin de Capeau &#8211; Istres<\/strong><\/p>\n\n\n\n<p class=\"has-foreground-color has-text-color has-link-color wp-elements-42543465bcf0cf2bb38f96b56d4281f0\"><strong>L&rsquo;inscription est gratuite mais obligatoire<\/strong><\/p>\n\n\n\n<p class=\"has-vivid-purple-color has-text-color has-link-color wp-elements-72768baee8334b2ceeccc0396a2f0774\" style=\"border-width:2px\"><strong>A noter : cette conf\u00e9rence a un lien direct avec le voyage \u00e0 Vienne en juin 2026 puisque les participants visiteront la \u00ab\u00a0Hundertwasserhaus\u00a0\u00bb con\u00e7ue par\u00a0<a href=\"https:\/\/fr.wikipedia.org\/wiki\/Friedensreich_Hundertwasser\">Friedensreich Hundertwasser<\/a><\/strong><\/p>\n\n\n\n<figure class=\"wp-block-image aligncenter size-full\"><img loading=\"lazy\" decoding=\"async\" width=\"294\" height=\"342\" src=\"https:\/\/www.acapp.fr\/wp-content\/uploads\/2025\/10\/Wien_-_Hundertwasserhaus_03.jpg\" alt=\"\" class=\"wp-image-1239\" srcset=\"https:\/\/www.acapp.fr\/wp-content\/uploads\/2025\/10\/Wien_-_Hundertwasserhaus_03.jpg 294w, https:\/\/www.acapp.fr\/wp-content\/uploads\/2025\/10\/Wien_-_Hundertwasserhaus_03-258x300.jpg 258w\" sizes=\"auto, (max-width: 294px) 100vw, 294px\" \/><\/figure>\n","protected":false},"excerpt":{"rendered":"<p>CONFERENCE \u00ab HUNDERTWASSER \u00bb Un pr\u00e9curseur de l&rsquo;\u00e9cologie Pr\u00e9sent\u00e9e par Agn\u00e8s Guenassia Conf\u00e9renci\u00e8re en Art Moderne et Contemporain, professeur d\u2019Arts Plastiques Peintre, architecte, artiste engag\u00e9, non conformiste et grand voyageur, Hundertwasser (1928-2000) \u00e9tait un \u00e9cologiste avant-gardiste, un amoureux de la d\u00e9mocratisation du beau et un pionnier de l&rsquo;architecture humaniste. Nous verrons comment cet engagement s&rsquo;est [&hellip;]<\/p>\n","protected":false},"author":1,"featured_media":0,"parent":172,"menu_order":0,"comment_status":"closed","ping_status":"closed","template":"","meta":{"footnotes":""},"class_list":["post-1143","page","type-page","status-publish","hentry"],"_links":{"self":[{"href":"https:\/\/www.acapp.fr\/index.php\/wp-json\/wp\/v2\/pages\/1143","targetHints":{"allow":["GET"]}}],"collection":[{"href":"https:\/\/www.acapp.fr\/index.php\/wp-json\/wp\/v2\/pages"}],"about":[{"href":"https:\/\/www.acapp.fr\/index.php\/wp-json\/wp\/v2\/types\/page"}],"author":[{"embeddable":true,"href":"https:\/\/www.acapp.fr\/index.php\/wp-json\/wp\/v2\/users\/1"}],"replies":[{"embeddable":true,"href":"https:\/\/www.acapp.fr\/index.php\/wp-json\/wp\/v2\/comments?post=1143"}],"version-history":[{"count":3,"href":"https:\/\/www.acapp.fr\/index.php\/wp-json\/wp\/v2\/pages\/1143\/revisions"}],"predecessor-version":[{"id":1240,"href":"https:\/\/www.acapp.fr\/index.php\/wp-json\/wp\/v2\/pages\/1143\/revisions\/1240"}],"up":[{"embeddable":true,"href":"https:\/\/www.acapp.fr\/index.php\/wp-json\/wp\/v2\/pages\/172"}],"wp:attachment":[{"href":"https:\/\/www.acapp.fr\/index.php\/wp-json\/wp\/v2\/media?parent=1143"}],"curies":[{"name":"wp","href":"https:\/\/api.w.org\/{rel}","templated":true}]}}