{"id":1137,"date":"2025-09-29T10:06:09","date_gmt":"2025-09-29T08:06:09","guid":{"rendered":"https:\/\/www.acapp.fr\/?page_id=1137"},"modified":"2025-10-30T16:52:18","modified_gmt":"2025-10-30T15:52:18","slug":"cours-lagrue","status":"publish","type":"page","link":"https:\/\/www.acapp.fr\/index.php\/cours-dhistoire-de-lart\/cours-lagrue\/","title":{"rendered":"cours lagrue"},"content":{"rendered":"\n<p class=\"has-text-align-center has-foreground-color has-secondary-background-color has-text-color has-background has-link-color has-large-font-size wp-elements-0049c077bf0642a12e4aa73581dca6b0\"><strong>COURS D&rsquo;HISTOIRE DE L&rsquo;ART<\/strong><\/p>\n\n\n\n<figure class=\"wp-block-image aligncenter size-full\"><img loading=\"lazy\" decoding=\"async\" width=\"194\" height=\"182\" src=\"https:\/\/www.acapp.fr\/wp-content\/uploads\/2024\/09\/JP-Lagrue-1.jpg\" alt=\"\" class=\"wp-image-140\"\/><\/figure>\n\n\n\n<p class=\"has-text-align-center has-vivid-cyan-blue-color has-text-color has-link-color wp-elements-e1b2fea8c68105d5756cc895a017f542\"><strong>Pr\u00e9sent\u00e9 par Jean-Philippe LAGRUE, arch\u00e9ologue historien d\u2019art<\/strong><\/p>\n\n\n\n<p class=\"has-text-align-center has-foreground-color has-text-color has-link-color wp-elements-d935971cb838673c00865667bfad7d00\"><strong>Salle de cours ACAPP &#8211; CEC Les Heures Claires \u2013 ISTRES<\/strong><\/p>\n\n\n<p style=\"text-align: center;\"><span style=\"color: #000080;\"><strong>19 s\u00e9ances les mercredis <\/strong><strong>de 17h \u00e0 18h30<\/strong><strong> d\u00e9coup\u00e9es en 3 modules<\/strong><\/span><\/p>\n<p style=\"text-align: center;\"><strong>Si les trois modules sont pris le tarif global est de 85\u20ac.<\/strong><\/p>\n<p style=\"text-align: center;\"><span style=\"color: #000080;\"><strong>Art de l\u2019Antiquit\u00e9 Tardive et du Haut Moyen Age (IVe-X\u00e8me si\u00e8cles) <\/strong><\/span><\/p>\n<p><span style=\"color: #000080;\">La p\u00e9riode dite \u201cHaut Moyen Age\u201d (Ve-X\u00e8me si\u00e8cles), longtemps d\u00e9finie comme barbare et obscure, est au contraire une p\u00e9riode de mutations et de cr\u00e9ations. Avec la mise en place d\u2019une nouvelle soci\u00e9t\u00e9, issue des mondes germaniques, l\u2019occident christianis\u00e9 voit la mise en place de nouveaux sch\u00e9mas iconographiques et architecturaux.<\/span><\/p>\n<p><strong>1<sup>er<\/sup> module \u00ab\u00a0<\/strong><strong>l&rsquo;art pal\u00e9ochr\u00e9tien, IVe-V\u00e8me si\u00e8cles \u00bb : 8 s\u00e9ances<\/strong><strong>, 40\u20ac soit 5\u20ac la s\u00e9ance<\/strong><\/p>\n<ul>\n<li><span style=\"color: #000080;\"><strong>5 novembre 2025\u00a0 <\/strong><\/span><\/li>\n<\/ul>\n<p><span style=\"color: #000080;\">Cours d\u2019introduction. Mise en place de la chronologie et du contexte historique.<\/span><\/p>\n<ul>\n<li><span style=\"color: #000080;\"><strong>12 novembre 2025\u00a0 <\/strong><\/span><\/li>\n<\/ul>\n<p><span style=\"color: #000080;\">Architecture pal\u00e9ochr\u00e9tienne \u00e0 Rome\u00a0: Saint Pierre, Saint-Paul Hors les murs, Saint Jean de Latran.<\/span><\/p>\n<ul>\n<li><span style=\"color: #000080;\"><strong>19 novembre 2025 <\/strong><\/span><\/li>\n<\/ul>\n<p><span style=\"color: #000080;\">Architecture pal\u00e9ochr\u00e9tienne dans l\u2019Empire romain.<\/span><\/p>\n<ul>\n<li><span style=\"color: #000080;\"><strong>26 novembre 2025<\/strong><\/span><\/li>\n<\/ul>\n<p><span style=\"color: #000080;\">L\u2019iconographie fun\u00e9raire pal\u00e9ochr\u00e9tienne\u00a0: la peinture des catacombes.<\/span><\/p>\n<ul>\n<li><span style=\"color: #000080;\"><strong>3 d\u00e9cembre 2025 <\/strong><\/span><\/li>\n<\/ul>\n<p><span style=\"color: #000080;\">Le d\u00e9cor pal\u00e9ochr\u00e9tien\u00a0: la sculpture liturgique et sur sarcophages.<\/span><\/p>\n<ul>\n<li><span style=\"color: #000080;\"><strong>10 d\u00e9cembre 2025<\/strong><\/span><\/li>\n<\/ul>\n<p><span style=\"color: #000080;\">La mosa\u00efque \u00e0 Rome et Ravenne.<\/span><\/p>\n<ul>\n<li><span style=\"color: #000080;\"><strong>17 d\u00e9cembre 2025<\/strong><\/span><\/li>\n<\/ul>\n<p><span style=\"color: #000080;\">L\u2019architecture pal\u00e9ochr\u00e9tienne en Gaule<\/span><\/p>\n<ul>\n<li><span style=\"color: #000080;\"><strong>7 janvier 2026<\/strong><\/span><\/li>\n<\/ul>\n<p><span style=\"color: #000080;\">Le r\u00e8gne de justinien\u00a0: l\u2019architecture \u00e0 Ravenne\/art de la mosa\u00efque<\/span><\/p>\n<p>\u00a0<strong>2<sup>\u00e8me<\/sup> module \u00ab\u00a0<\/strong><strong>l&rsquo;art des invasions, VIe-VIII\u00e8me si\u00e8cles \u00bb : 5 s\u00e9ances<\/strong><strong>, 25\u20ac soit 5\u20ac la s\u00e9ance<\/strong><\/p>\n<ul>\n<li><span style=\"color: #000080;\"><strong>14 janvier 2026<\/strong><\/span><\/li>\n<\/ul>\n<p><span style=\"color: #000080;\">Contexte historique\/Clovis et la Gaule Franque\/Architecture de la Gaule.<\/span><\/p>\n<ul>\n<li><span style=\"color: #000080;\"><strong>21 janvier 2026<\/strong><\/span><\/li>\n<\/ul>\n<p><span style=\"color: #000080;\">De Clotilde \u00e0 Brunehaut en passant par Fr\u00e9d\u00e9gonde, la condition f\u00e9minine sous les M\u00e9rovingiens.<\/span><\/p>\n<ul>\n<li><span style=\"color: #000080;\"><strong>28 janvier 2026<\/strong><\/span><\/li>\n<\/ul>\n<p><span style=\"color: #000080;\">Architecture wisigothique<\/span><\/p>\n<ul>\n<li><span style=\"color: #000080;\"><strong>4 f\u00e9vrier 2026<\/strong><\/span><\/li>\n<\/ul>\n<p><span style=\"color: #000080;\">La sculpture des \u00ab\u00a0invasions\u00a0\u00bb<\/span><\/p>\n<ul>\n<li><span style=\"color: #000080;\"><strong>11 f\u00e9vrier 2026<\/strong><\/span><\/li>\n<\/ul>\n<p><span style=\"color: #000080;\">\u00ab\u00a0L\u2019Art color\u00e9 des invasions\u00a0\u00bb\u00a0: orf\u00e8vreries et enluminures m\u00e9rovingiennes et wisigothiques<\/span><\/p>\n<p><strong>3<sup>\u00e8me<\/sup> module \u00ab L\u2019art carolingien, IXe-X\u00e8me si\u00e8cles\u00a0\u00bb\u00a0: 6 s\u00e9ances, 30\u20ac soit 5\u20ac la s\u00e9ance<\/strong><\/p>\n<ul>\n<li><span style=\"color: #000080;\"><strong>4 mars 2026<\/strong><\/span><\/li>\n<\/ul>\n<p><span style=\"color: #000080;\">Le contexte historique<\/span><\/p>\n<ul>\n<li><span style=\"color: #000080;\"><strong>15 mars 2026 <\/strong><\/span><\/li>\n<\/ul>\n<p><span style=\"color: #000080;\">Architecture carolingienne en Allemagne, Italie et Espagne (Asturies)<\/span><\/p>\n<ul>\n<li><span style=\"color: #000080;\"><strong>18 mars 2026<\/strong><\/span><\/li>\n<\/ul>\n<p><span style=\"color: #000080;\">Architecture carolingienne monastique<\/span><\/p>\n<ul>\n<li><span style=\"color: #000080;\"><strong>25 mars 2026<\/strong><\/span><\/li>\n<\/ul>\n<p><span style=\"color: #000080;\">La plastique carolingienne<\/span><\/p>\n<ul>\n<li><span style=\"color: #000080;\"><strong>1 avril 2026<\/strong><\/span><\/li>\n<\/ul>\n<p><span style=\"color: #000080;\">Mosa\u00efque et peinture carolingienne<\/span><\/p>\n<ul>\n<li><span style=\"color: #000080;\"><strong>4 avril 2026<\/strong><\/span><\/li>\n<\/ul>\n<p><span style=\"color: #000080;\">L\u2019enluminure carolingienne<\/span><\/p>\n\n\n<p><\/p>\n","protected":false},"excerpt":{"rendered":"<p>COURS D&rsquo;HISTOIRE DE L&rsquo;ART Pr\u00e9sent\u00e9 par Jean-Philippe LAGRUE, arch\u00e9ologue historien d\u2019art Salle de cours ACAPP &#8211; CEC Les Heures Claires \u2013 ISTRES 19 s\u00e9ances les mercredis de 17h \u00e0 18h30 d\u00e9coup\u00e9es en 3 modules Si les trois modules sont pris le tarif global est de 85\u20ac. Art de l\u2019Antiquit\u00e9 Tardive et du Haut Moyen Age [&hellip;]<\/p>\n","protected":false},"author":1,"featured_media":0,"parent":138,"menu_order":0,"comment_status":"closed","ping_status":"closed","template":"","meta":{"footnotes":""},"class_list":["post-1137","page","type-page","status-publish","hentry"],"_links":{"self":[{"href":"https:\/\/www.acapp.fr\/index.php\/wp-json\/wp\/v2\/pages\/1137","targetHints":{"allow":["GET"]}}],"collection":[{"href":"https:\/\/www.acapp.fr\/index.php\/wp-json\/wp\/v2\/pages"}],"about":[{"href":"https:\/\/www.acapp.fr\/index.php\/wp-json\/wp\/v2\/types\/page"}],"author":[{"embeddable":true,"href":"https:\/\/www.acapp.fr\/index.php\/wp-json\/wp\/v2\/users\/1"}],"replies":[{"embeddable":true,"href":"https:\/\/www.acapp.fr\/index.php\/wp-json\/wp\/v2\/comments?post=1137"}],"version-history":[{"count":3,"href":"https:\/\/www.acapp.fr\/index.php\/wp-json\/wp\/v2\/pages\/1137\/revisions"}],"predecessor-version":[{"id":1233,"href":"https:\/\/www.acapp.fr\/index.php\/wp-json\/wp\/v2\/pages\/1137\/revisions\/1233"}],"up":[{"embeddable":true,"href":"https:\/\/www.acapp.fr\/index.php\/wp-json\/wp\/v2\/pages\/138"}],"wp:attachment":[{"href":"https:\/\/www.acapp.fr\/index.php\/wp-json\/wp\/v2\/media?parent=1137"}],"curies":[{"name":"wp","href":"https:\/\/api.w.org\/{rel}","templated":true}]}}