{"id":1127,"date":"2025-09-29T09:27:19","date_gmt":"2025-09-29T07:27:19","guid":{"rendered":"https:\/\/www.acapp.fr\/?page_id=1127"},"modified":"2025-09-29T09:33:58","modified_gmt":"2025-09-29T07:33:58","slug":"arles","status":"publish","type":"page","link":"https:\/\/www.acapp.fr\/index.php\/sorties-culturelles\/arles\/","title":{"rendered":"Arles"},"content":{"rendered":"\n<p class=\"has-text-align-center has-foreground-color has-secondary-background-color has-text-color has-background has-link-color has-large-font-size wp-elements-bd17112d41bf211a5866ce28831443b9\"><strong>SORTIE CULTURELLE EN ARLES<\/strong><\/p>\n\n\n\n<p class=\"has-text-align-center has-large-font-size\"><strong>VENDREDI 17 OCTOBRE 2025<\/strong><\/p>\n\n\n\n<p class=\"has-text-align-center has-large-font-size\"><strong>Prix : 20\u20ac<\/strong> <strong>(1 groupe 25 personnes)<\/strong><\/p>\n\n\n\n<p class=\"has-foreground-color has-text-color has-link-color wp-elements-2defd100c15639a0464113cb05efe7e6\"><a><u>Rendez-vous \u00e0 <strong>10h15<\/strong> devant le mus\u00e9e de la Mode et du Costume &#8211; Fragonnard<\/u><\/a><\/p>\n\n\n\n<figure class=\"wp-block-image aligncenter size-large is-resized\"><img loading=\"lazy\" decoding=\"async\" width=\"682\" height=\"1024\" src=\"https:\/\/www.acapp.fr\/wp-content\/uploads\/2025\/09\/Fragonnard-682x1024.jpg\" alt=\"\" class=\"wp-image-1128\" style=\"width:200px;height:auto\" srcset=\"https:\/\/www.acapp.fr\/wp-content\/uploads\/2025\/09\/Fragonnard-682x1024.jpg 682w, https:\/\/www.acapp.fr\/wp-content\/uploads\/2025\/09\/Fragonnard-200x300.jpg 200w, https:\/\/www.acapp.fr\/wp-content\/uploads\/2025\/09\/Fragonnard-768x1152.jpg 768w, https:\/\/www.acapp.fr\/wp-content\/uploads\/2025\/09\/Fragonnard.jpg 867w\" sizes=\"auto, (max-width: 682px) 100vw, 682px\" \/><\/figure>\n\n\n<p><span style=\"color: #000000;\"><strong><u>Le matin\u00a0: <\/u><\/strong><\/span><\/p>\n<ul>\n<li><span style=\"color: #000000;\"><strong><u>Visite guid\u00e9e du mus\u00e9e de la Mode et du costume Fragonard \u00e0 10h30<\/u><\/strong><\/span><\/li>\n<\/ul>\n<p><span style=\"color: #000000;\">C\u2019est au sein de l\u2019h\u00f4tel Bouchaud de Bussy, dont les origines remontent au XIVe si\u00e8cle, que la Maison Fragonard Parfumeur ouvre son septi\u00e8me mus\u00e9e. Fid\u00e8les \u00e0 leur passion pour le patrimoine et l\u2019histoire de la Provence, Anne, Agn\u00e8s et Fran\u00e7oise Costa, quatri\u00e8me g\u00e9n\u00e9ration \u00e0 la t\u00eate de l\u2019entreprise familiale, ont choisi d\u00e8s 2019, de pr\u00e9server un pan inestimable du patrimoine arl\u00e9sien : la collection de mode et costumes des historiennes Odile et Magali Pascal. La collection de mode et de costumes de la famille Costa, pr\u00e9sent\u00e9e depuis 1997 au Mus\u00e9e Proven\u00e7al du Costume et du Bijou \u00e0 Grasse, et celle de la famille Pascal se r\u00e9unissent \u00e0 Arles, offrant ainsi une vision unique des modes vestimentaires et de l\u2019art de vivre du pourtour m\u00e9diterran\u00e9en fran\u00e7ais depuis le milieu du XVIIIe si\u00e8cle.<\/span><\/p>\n\n\n<p class=\"has-foreground-color has-text-color has-link-color wp-elements-4b0d19154935c290a6689358247d540f\"><strong><u>D\u00e9jeuner libre\u00a0: plusieurs points de restauration son possible sur le site de LUMA<\/u><\/strong><\/p>\n\n\n\n<figure class=\"wp-block-image aligncenter size-large is-resized\"><img loading=\"lazy\" decoding=\"async\" width=\"1024\" height=\"771\" src=\"https:\/\/www.acapp.fr\/wp-content\/uploads\/2025\/09\/Wael-Shawky-Je-suis-les-hymnes-des-nouveaux-temples-a-La-Grande-Halle-de-Luma-Arles-11-1024x771.webp\" alt=\"\" class=\"wp-image-1129\" style=\"width:311px;height:auto\" srcset=\"https:\/\/www.acapp.fr\/wp-content\/uploads\/2025\/09\/Wael-Shawky-Je-suis-les-hymnes-des-nouveaux-temples-a-La-Grande-Halle-de-Luma-Arles-11-1024x771.webp 1024w, https:\/\/www.acapp.fr\/wp-content\/uploads\/2025\/09\/Wael-Shawky-Je-suis-les-hymnes-des-nouveaux-temples-a-La-Grande-Halle-de-Luma-Arles-11-300x226.webp 300w, https:\/\/www.acapp.fr\/wp-content\/uploads\/2025\/09\/Wael-Shawky-Je-suis-les-hymnes-des-nouveaux-temples-a-La-Grande-Halle-de-Luma-Arles-11-768x578.webp 768w, https:\/\/www.acapp.fr\/wp-content\/uploads\/2025\/09\/Wael-Shawky-Je-suis-les-hymnes-des-nouveaux-temples-a-La-Grande-Halle-de-Luma-Arles-11.webp 1068w\" sizes=\"auto, (max-width: 1024px) 100vw, 1024px\" \/><\/figure>\n\n\n<p><strong><span style=\"color: #000000;\"><u>Rendez-vous \u00e0 13h40 au point info, entr\u00e9e de la Tour, 35 Avenue Victor Hugo &#8211; LUMA <\/u><\/span><\/strong><\/p>\n<p><span style=\"color: #000000;\"><strong><u>L\u2019Apr\u00e8s-midi\u00a0: <\/u><\/strong><\/span><\/p>\n<ul>\n<li><span style=\"color: #000000;\"><strong><u>Visite guid\u00e9e de l\u2019exposition Wael Shawky \u00ab Je suis les hymnes des nouveaux temples \u00bb \u00e0 14h<\/u><\/strong><\/span><\/li>\n<\/ul>\n<p><span style=\"color: #000000;\">Wael Shawky est un artiste contemporain \u00e9gyptien majeur, connu pour son travail m\u00ealant r\u00e9alit\u00e9 et fiction \u00e0 travers diff\u00e9rents m\u00e9diums \u2013 dessin, peinture, performance, musique et cin\u00e9ma. L\u2019exposition \u00ab Je suis les hymnes des nouveaux temples \u00bb m\u00e9tamorphose La Grande Halle de LUMA Arles en exp\u00e9rience immersive qui brouille les fronti\u00e8res entre m\u00e9taphysique et r\u00e9el. Au c\u0153ur du dispositif se trouve la ville l\u00e9gendaire de Pomp\u00e9i, ensevelie sous les cendres et les d\u00e9bris volcaniques pendant des si\u00e8cles. Son \u00e9tat de conservation exceptionnel offre un t\u00e9moignage fascinant de la diversit\u00e9 des cultures qui ont fa\u00e7onn\u00e9 son identit\u00e9, au carrefour des civilisations et des routes commerciales. L\u2019artiste r\u00e9interpr\u00e8te le mythe grec de la cr\u00e9ation en combinant une chor\u00e9graphie spectaculaire de mouvements, images et sons, sculptures et peintures, qui refl\u00e8te le besoin humain de comprendre et de donner un sens au monde.<\/span><\/p>\n<p><span style=\"color: #000000;\"><strong>A l\u2019issue de la visite comment\u00e9e les participants pourront aller dans le Parc des Ateliers.<\/strong><\/span><\/p>\n\n\n<p class=\"has-text-align-center has-large-font-size\"><strong>Date de d\u00e9but d\u2019inscription\u00a0: MARDI 7 OCTOBRE <\/strong><\/p>\n\n\n\n<figure class=\"wp-block-image size-full\"><img loading=\"lazy\" decoding=\"async\" width=\"730\" height=\"506\" src=\"https:\/\/www.acapp.fr\/wp-content\/uploads\/2025\/09\/Plan-Arles.jpg\" alt=\"\" class=\"wp-image-1130\" srcset=\"https:\/\/www.acapp.fr\/wp-content\/uploads\/2025\/09\/Plan-Arles.jpg 730w, https:\/\/www.acapp.fr\/wp-content\/uploads\/2025\/09\/Plan-Arles-300x208.jpg 300w\" sizes=\"auto, (max-width: 730px) 100vw, 730px\" \/><\/figure>\n","protected":false},"excerpt":{"rendered":"<p>SORTIE CULTURELLE EN ARLES VENDREDI 17 OCTOBRE 2025 Prix : 20\u20ac (1 groupe 25 personnes) Rendez-vous \u00e0 10h15 devant le mus\u00e9e de la Mode et du Costume &#8211; Fragonnard Le matin\u00a0: Visite guid\u00e9e du mus\u00e9e de la Mode et du costume Fragonard \u00e0 10h30 C\u2019est au sein de l\u2019h\u00f4tel Bouchaud de Bussy, dont les origines [&hellip;]<\/p>\n","protected":false},"author":1,"featured_media":0,"parent":103,"menu_order":0,"comment_status":"closed","ping_status":"closed","template":"","meta":{"footnotes":""},"class_list":["post-1127","page","type-page","status-publish","hentry"],"_links":{"self":[{"href":"https:\/\/www.acapp.fr\/index.php\/wp-json\/wp\/v2\/pages\/1127","targetHints":{"allow":["GET"]}}],"collection":[{"href":"https:\/\/www.acapp.fr\/index.php\/wp-json\/wp\/v2\/pages"}],"about":[{"href":"https:\/\/www.acapp.fr\/index.php\/wp-json\/wp\/v2\/types\/page"}],"author":[{"embeddable":true,"href":"https:\/\/www.acapp.fr\/index.php\/wp-json\/wp\/v2\/users\/1"}],"replies":[{"embeddable":true,"href":"https:\/\/www.acapp.fr\/index.php\/wp-json\/wp\/v2\/comments?post=1127"}],"version-history":[{"count":1,"href":"https:\/\/www.acapp.fr\/index.php\/wp-json\/wp\/v2\/pages\/1127\/revisions"}],"predecessor-version":[{"id":1131,"href":"https:\/\/www.acapp.fr\/index.php\/wp-json\/wp\/v2\/pages\/1127\/revisions\/1131"}],"up":[{"embeddable":true,"href":"https:\/\/www.acapp.fr\/index.php\/wp-json\/wp\/v2\/pages\/103"}],"wp:attachment":[{"href":"https:\/\/www.acapp.fr\/index.php\/wp-json\/wp\/v2\/media?parent=1127"}],"curies":[{"name":"wp","href":"https:\/\/api.w.org\/{rel}","templated":true}]}}