{"id":1118,"date":"2025-09-28T18:08:29","date_gmt":"2025-09-28T16:08:29","guid":{"rendered":"https:\/\/www.acapp.fr\/?page_id=1118"},"modified":"2025-09-28T18:08:29","modified_gmt":"2025-09-28T16:08:29","slug":"soulages","status":"publish","type":"page","link":"https:\/\/www.acapp.fr\/index.php\/conferences\/soulages\/","title":{"rendered":"Soulages"},"content":{"rendered":"\n<p class=\"has-text-align-center has-foreground-color has-secondary-background-color has-text-color has-background has-link-color has-large-font-size wp-elements-18efec6182ed9b9e66cdfd4d260a9793\"><strong>JEUDI 6 NOVEMBRE 2025 A 18H30<\/strong><\/p>\n\n\n\n<p class=\"has-text-align-center has-foreground-color has-text-color has-link-color has-large-font-size wp-elements-f81eb3c61b9466643075e6d6e41438c6\"><strong>Conf\u00e9rence\u00a0<em>\u00ab<\/em>\u00a0<em>SOULAGES<\/em>\u00a0<em>\u00bb<\/em><\/strong><\/p>\n\n\n<p style=\"text-align: center;\"><span style=\"color: #000000;\"><strong>Pr\u00e9sent\u00e9e par Romain MATHIEU<\/strong>\u00a0<\/span><\/p>\n<p style=\"text-align: center;\"><span style=\"color: #000000;\"><em>Historien et Docteur en Histoire de l\u2019Art, critique pour Art Press et enseignant \u00e0 l\u2019\u00e9cole Sup\u00e9rieure d\u2019Art et de Design de Saint-Etienne<\/em><\/span><\/p>\n\n\n<figure class=\"wp-block-image aligncenter size-full is-resized\"><img loading=\"lazy\" decoding=\"async\" width=\"120\" height=\"120\" src=\"https:\/\/www.acapp.fr\/wp-content\/uploads\/2025\/09\/Soulages.jpg\" alt=\"\" class=\"wp-image-1119\" style=\"width:217px;height:auto\"\/><\/figure>\n\n\n<p><span style=\"color: #000000;\">Pierre Soulages (1919-2022) est un artiste fran\u00e7ais majeur. Il fut d&rsquo;abord un des protagonistes de la peinture abstraite d&rsquo;apr\u00e8s-guerre avant de d\u00e9velopper la pratique de \u00ab l&rsquo;outrenoir \u00bb, c&rsquo;est \u00e0 dire un travail exclusif du noir, \u00e0 la fois comme couleur et comme lumi\u00e8re. En relation avec l&rsquo;exposition du Mus\u00e9e Fabre, \u00ab\u00a0<strong>Pierre Soulages &#8211; La rencontre\u00a0\u00bb<\/strong>, nous aborderons l&rsquo;\u00e9volution de l&rsquo;artiste en dialogue avec les artistes qui lui furent contemporains et avec l&rsquo;histoire de l\u2019art.<\/span><\/p>\n\n<p style=\"text-align: center;\"><span style=\"color: #000000;\"><strong>Auditorium Charles Aznavour &#8211; Complexe sportif \u00ab\u00a0Le Podium\u00a0\u00bb<\/strong><\/span><\/p>\n<p style=\"text-align: center;\"><span style=\"color: #000000;\"><strong>\u00e0 cot\u00e9 du CFAI, chemin de Capeau &#8211; Istres<\/strong><\/span><\/p>\n<p><strong><span style=\"color: #008000;\">Inscription gratuite mais obligatoire<\/span><\/strong><\/p>","protected":false},"excerpt":{"rendered":"<p>JEUDI 6 NOVEMBRE 2025 A 18H30 Conf\u00e9rence\u00a0\u00ab\u00a0SOULAGES\u00a0\u00bb Pr\u00e9sent\u00e9e par Romain MATHIEU\u00a0 Historien et Docteur en Histoire de l\u2019Art, critique pour Art Press et enseignant \u00e0 l\u2019\u00e9cole Sup\u00e9rieure d\u2019Art et de Design de Saint-Etienne Pierre Soulages (1919-2022) est un artiste fran\u00e7ais majeur. Il fut d&rsquo;abord un des protagonistes de la peinture abstraite d&rsquo;apr\u00e8s-guerre avant de d\u00e9velopper [&hellip;]<\/p>\n","protected":false},"author":1,"featured_media":0,"parent":172,"menu_order":0,"comment_status":"closed","ping_status":"closed","template":"","meta":{"footnotes":""},"class_list":["post-1118","page","type-page","status-publish","hentry"],"_links":{"self":[{"href":"https:\/\/www.acapp.fr\/index.php\/wp-json\/wp\/v2\/pages\/1118","targetHints":{"allow":["GET"]}}],"collection":[{"href":"https:\/\/www.acapp.fr\/index.php\/wp-json\/wp\/v2\/pages"}],"about":[{"href":"https:\/\/www.acapp.fr\/index.php\/wp-json\/wp\/v2\/types\/page"}],"author":[{"embeddable":true,"href":"https:\/\/www.acapp.fr\/index.php\/wp-json\/wp\/v2\/users\/1"}],"replies":[{"embeddable":true,"href":"https:\/\/www.acapp.fr\/index.php\/wp-json\/wp\/v2\/comments?post=1118"}],"version-history":[{"count":1,"href":"https:\/\/www.acapp.fr\/index.php\/wp-json\/wp\/v2\/pages\/1118\/revisions"}],"predecessor-version":[{"id":1120,"href":"https:\/\/www.acapp.fr\/index.php\/wp-json\/wp\/v2\/pages\/1118\/revisions\/1120"}],"up":[{"embeddable":true,"href":"https:\/\/www.acapp.fr\/index.php\/wp-json\/wp\/v2\/pages\/172"}],"wp:attachment":[{"href":"https:\/\/www.acapp.fr\/index.php\/wp-json\/wp\/v2\/media?parent=1118"}],"curies":[{"name":"wp","href":"https:\/\/api.w.org\/{rel}","templated":true}]}}