{"id":1110,"date":"2025-09-28T17:41:59","date_gmt":"2025-09-28T15:41:59","guid":{"rendered":"https:\/\/www.acapp.fr\/?page_id=1110"},"modified":"2025-09-28T17:41:59","modified_gmt":"2025-09-28T15:41:59","slug":"isle","status":"publish","type":"page","link":"https:\/\/www.acapp.fr\/index.php\/sorties-culturelles\/isle\/","title":{"rendered":"isle"},"content":{"rendered":"\n<p class=\"has-text-align-center has-foreground-color has-secondary-background-color has-text-color has-background has-link-color has-large-font-size wp-elements-a8360826611fbbfcf0ebce04d8aee76a\"><strong>SORTIE CULTURELLE A ISLE SUR LA SORGUE<\/strong><\/p>\n\n\n\n<figure class=\"wp-block-image aligncenter size-full is-resized\"><img loading=\"lazy\" decoding=\"async\" width=\"540\" height=\"312\" src=\"https:\/\/www.acapp.fr\/wp-content\/uploads\/2025\/09\/Isle-sur-la-sorgue.jpg\" alt=\"\" class=\"wp-image-1111\" style=\"width:286px;height:auto\" srcset=\"https:\/\/www.acapp.fr\/wp-content\/uploads\/2025\/09\/Isle-sur-la-sorgue.jpg 540w, https:\/\/www.acapp.fr\/wp-content\/uploads\/2025\/09\/Isle-sur-la-sorgue-300x173.jpg 300w\" sizes=\"auto, (max-width: 540px) 100vw, 540px\" \/><\/figure>\n\n\n\n<p class=\"has-text-align-center has-large-font-size\"><strong>Mercredi 8 octobre 2025 en autocar<\/strong><\/p>\n\n\n\n<p class=\"has-text-align-center has-large-font-size\"><strong>Prix : 20\u20ac<\/strong><\/p>\n\n\n\n<p><strong>Rendez-vous \u00e0 9h au parking du conservatoire de musique pour un d\u00e9part \u00e0 9h15 &#8211; Retour aux alentours de 18h30.<\/strong><\/p>\n\n\n\n<p class=\"has-foreground-color has-text-color has-link-color wp-elements-377ebf776048315c02ea2023c070e6e0\"><strong>2 groupes de 25 personnes<\/strong><\/p>\n\n\n\n<figure class=\"wp-block-gallery has-nested-images columns-default is-cropped wp-block-gallery-1 is-layout-flex wp-block-gallery-is-layout-flex\">\n<figure class=\"wp-block-image size-large\"><img loading=\"lazy\" decoding=\"async\" width=\"540\" height=\"312\" data-id=\"1113\" src=\"https:\/\/www.acapp.fr\/wp-content\/uploads\/2025\/09\/Campredon.jpg\" alt=\"\" class=\"wp-image-1113\" srcset=\"https:\/\/www.acapp.fr\/wp-content\/uploads\/2025\/09\/Campredon.jpg 540w, https:\/\/www.acapp.fr\/wp-content\/uploads\/2025\/09\/Campredon-300x173.jpg 300w\" sizes=\"auto, (max-width: 540px) 100vw, 540px\" \/><\/figure>\n\n\n\n<figure class=\"wp-block-image size-large\"><img loading=\"lazy\" decoding=\"async\" width=\"540\" height=\"312\" data-id=\"1112\" src=\"https:\/\/www.acapp.fr\/wp-content\/uploads\/2025\/09\/Villa-Datris.jpg\" alt=\"\" class=\"wp-image-1112\" srcset=\"https:\/\/www.acapp.fr\/wp-content\/uploads\/2025\/09\/Villa-Datris.jpg 540w, https:\/\/www.acapp.fr\/wp-content\/uploads\/2025\/09\/Villa-Datris-300x173.jpg 300w\" sizes=\"auto, (max-width: 540px) 100vw, 540px\" \/><\/figure>\n<\/figure>\n\n\n<p><span style=\"color: #000000;\"><strong><u>Le matin\u00a0: <\/u><\/strong><\/span><\/p>\n<ul>\n<li><span style=\"color: #000000;\"><strong><u>1<sup>er<\/sup> groupe &#8211; Visite de l\u2019exposition \u00ab\u00a0R\u00eave\u00a0\u00bb au Mus\u00e9e Campredon \u00e0 11h<\/u><\/strong><\/span><\/li>\n<\/ul>\n<p><span style=\"color: #000000;\">L\u2019exposition \u00ab R\u00eave ! \u00bb est une injonction au l\u00e2cher-prise, une invitation \u00e0 partager visions oniriques ou r\u00eaves de libert\u00e9 ou encore c\u00e9l\u00e9brer (ensemble) l\u2019art de ne rien faire\u2026 une parenth\u00e8se dans la surr\u00e9alit\u00e9 substance de choix in\u00e9puisable pour la cr\u00e9ativit\u00e9 et l\u2019imaginaire et source commune des 28 artistes pr\u00e9sent\u00e9s.<\/span><\/p>\n<ul>\n<li><span style=\"color: #000000;\"><strong><u>2<sup>\u00e8me<\/sup> groupe &#8211; Visite guid\u00e9e l\u2019exposition \u00ab\u00a0Engag\u00e9es\u00a0\u00bb \u00e0 la Villa Datris \u00e0 11h<\/u><\/strong><\/span><\/li>\n<\/ul>\n<p><span style=\"color: #000000;\">La Fondation Villa Datris invite \u00e0 d\u00e9couvrir le travail de 64 artistes engag\u00e9es venues du monde entier en exposant des \u0153uvres qui interrogent les grands enjeux contemporains. F\u00e9ministes, \u00e9cof\u00e9ministes, d\u00e9fenseuses des droits humains, militantes contre le racisme et proclamant la libert\u00e9 de disposer de leur corps, les artistes choisies investissent des luttes toujours essentielles.<\/span><\/p>\n<p><span style=\"color: #000000;\">L\u2019exposition met en lumi\u00e8re l\u2019invisibilisation des femmes et la persistance de leurs combats rappelant combien il est crucial de pr\u00e9server les droits acquis. ENGAG\u00c9ES souhaite \u00e9galement \u00e9veiller les consciences l\u00e0 o\u00f9 de nombreux combats restent \u00e0 mener.<\/span><\/p>\n\n\n<p class=\"has-foreground-color has-text-color has-link-color wp-elements-9f7d8d1fd785277211b034bc5198ebd5\"><strong>D\u00e9jeuner libre<\/strong><\/p>\n\n\n<p><span style=\"color: #000000;\"><strong><u>L\u2019Apr\u00e8s-midi\u00a0: <\/u><\/strong><\/span><\/p>\n<ul>\n<li><span style=\"color: #000000;\"><strong><u>1<sup>er<\/sup> groupe &#8211; Visite guid\u00e9e l\u2019exposition \u00ab\u00a0Engag\u00e9es\u00a0\u00bb \u00e0 la Villa Datris \u00e0 14h15<\/u><\/strong><\/span><\/li>\n<li><span style=\"color: #000000;\"><strong><u>2<sup>\u00e8me<\/sup> groupe \u2013 Visite de l\u2019exposition \u00ab\u00a0R\u00eave\u00a0\u00bb au Mus\u00e9e Campredon \u00e0 14h<\/u><\/strong><\/span><\/li>\n<\/ul>\n\n\n<p class=\"has-text-align-center has-medium-font-size\"><strong>Date de d\u00e9but d\u2019inscription\u00a0: VENDREDI 19 SEPTEMBRE 2025<\/strong><\/p>\n","protected":false},"excerpt":{"rendered":"<p>SORTIE CULTURELLE A ISLE SUR LA SORGUE Mercredi 8 octobre 2025 en autocar Prix : 20\u20ac Rendez-vous \u00e0 9h au parking du conservatoire de musique pour un d\u00e9part \u00e0 9h15 &#8211; Retour aux alentours de 18h30. 2 groupes de 25 personnes Le matin\u00a0: 1er groupe &#8211; Visite de l\u2019exposition \u00ab\u00a0R\u00eave\u00a0\u00bb au Mus\u00e9e Campredon \u00e0 11h [&hellip;]<\/p>\n","protected":false},"author":1,"featured_media":0,"parent":103,"menu_order":0,"comment_status":"closed","ping_status":"closed","template":"","meta":{"footnotes":""},"class_list":["post-1110","page","type-page","status-publish","hentry"],"_links":{"self":[{"href":"https:\/\/www.acapp.fr\/index.php\/wp-json\/wp\/v2\/pages\/1110","targetHints":{"allow":["GET"]}}],"collection":[{"href":"https:\/\/www.acapp.fr\/index.php\/wp-json\/wp\/v2\/pages"}],"about":[{"href":"https:\/\/www.acapp.fr\/index.php\/wp-json\/wp\/v2\/types\/page"}],"author":[{"embeddable":true,"href":"https:\/\/www.acapp.fr\/index.php\/wp-json\/wp\/v2\/users\/1"}],"replies":[{"embeddable":true,"href":"https:\/\/www.acapp.fr\/index.php\/wp-json\/wp\/v2\/comments?post=1110"}],"version-history":[{"count":1,"href":"https:\/\/www.acapp.fr\/index.php\/wp-json\/wp\/v2\/pages\/1110\/revisions"}],"predecessor-version":[{"id":1114,"href":"https:\/\/www.acapp.fr\/index.php\/wp-json\/wp\/v2\/pages\/1110\/revisions\/1114"}],"up":[{"embeddable":true,"href":"https:\/\/www.acapp.fr\/index.php\/wp-json\/wp\/v2\/pages\/103"}],"wp:attachment":[{"href":"https:\/\/www.acapp.fr\/index.php\/wp-json\/wp\/v2\/media?parent=1110"}],"curies":[{"name":"wp","href":"https:\/\/api.w.org\/{rel}","templated":true}]}}