{"id":1106,"date":"2025-09-28T17:25:01","date_gmt":"2025-09-28T15:25:01","guid":{"rendered":"https:\/\/www.acapp.fr\/?page_id=1106"},"modified":"2025-09-29T17:54:59","modified_gmt":"2025-09-29T15:54:59","slug":"romain-mathieu","status":"publish","type":"page","link":"https:\/\/www.acapp.fr\/index.php\/cours-dhistoire-de-lart\/romain-mathieu\/","title":{"rendered":"Romain Mathieu"},"content":{"rendered":"\n<p class=\"has-text-align-center has-foreground-color has-secondary-background-color has-text-color has-background has-link-color has-large-font-size wp-elements-0049c077bf0642a12e4aa73581dca6b0\"><strong>COURS D&rsquo;HISTOIRE DE L&rsquo;ART<\/strong><\/p>\n\n\n<p style=\"text-align: center;\"><span style=\"color: #000000;\"><strong>Pr\u00e9sent\u00e9s par Romain MATHIEU<\/strong><strong>, Historien et Docteur en Histoire de l\u2019Art, Critique pour l\u2019Art presse et enseignant \u00e0 l\u2019Ecole Sup\u00e9rieure d\u2019Art et de Design de Saint Etienne<\/strong><\/span><\/p>\n\n\n<figure class=\"wp-block-image aligncenter size-full is-resized\"><img loading=\"lazy\" decoding=\"async\" width=\"591\" height=\"436\" src=\"https:\/\/www.acapp.fr\/wp-content\/uploads\/2025\/09\/Ancien-testament-1.jpg\" alt=\"\" class=\"wp-image-1107\" style=\"width:282px;height:auto\" srcset=\"https:\/\/www.acapp.fr\/wp-content\/uploads\/2025\/09\/Ancien-testament-1.jpg 591w, https:\/\/www.acapp.fr\/wp-content\/uploads\/2025\/09\/Ancien-testament-1-300x221.jpg 300w\" sizes=\"auto, (max-width: 591px) 100vw, 591px\" \/><\/figure>\n\n\n<p><span style=\"color: #000000;\"><strong><u>Cours 15h &#8211; 16h30\u00a0<\/u>:<\/strong> <strong>L\u2019Ancien testament en peinture (II)<\/strong><\/span><\/p>\n<p><span style=\"color: #000000;\">Nous poursuivons notre parcours dans l\u2019histoire de l\u2019art \u00e0 partir d\u2019un texte fondateur, l\u2019Ancien Testament, dont les sc\u00e8nes ont \u00e9t\u00e9 peintes par les plus grands artistes. Pour cette deuxi\u00e8me saison, nous aborderons notamment les rois David, Salomon\u2026 avec notamment les peintures de Caravage, Titien, Poussin\u2026<\/span><\/p>\n<p><span style=\"color: #000000;\"><strong>Les lundis 6, 13 octobre, 3, 10, 17, 24 novembre, 1, 8, 15 d\u00e9cembre 2025, 5, 12, 19 et 26 janvier 2026<\/strong><\/span><\/p>\n<p><span style=\"color: #000000;\"><strong><span style=\"color: #339966;\">13 s\u00e9ances\u00a065\u20ac soit 5\u20ac la s\u00e9ance<\/span><\/strong><\/span><\/p>\n\n\n<hr class=\"wp-block-separator has-alpha-channel-opacity is-style-wide\"\/>\n\n\n\n<figure class=\"wp-block-image aligncenter size-full is-resized\"><img loading=\"lazy\" decoding=\"async\" width=\"120\" height=\"120\" src=\"https:\/\/www.acapp.fr\/wp-content\/uploads\/2025\/09\/Marilyn.jpg\" alt=\"\" class=\"wp-image-1108\" style=\"width:182px;height:auto\"\/><\/figure>\n\n\n<p><span style=\"color: #000000;\"><strong><u>Cours 17h \u2013 18h30<\/u>\u00a0: Sweet sixties<\/strong><\/span><\/p>\n<p><span style=\"color: #000000;\">Les ann\u00e9es soixante sont un moment d\u2019effervescence dans tous les domaines et notamment dans l\u2019art qui va profond\u00e9ment se transformer. Une nouvelle esth\u00e9tique nous montre une soci\u00e9t\u00e9 alors \u00e0 l\u2019apog\u00e9e des trente glorieuses o\u00f9 s\u2019est d\u00e9velopp\u00e9e la consommation : Pop Art, Nouveau R\u00e9alisme, Figuration Narrative\u2026 Tandis que d\u2019autres mouvements se tournent vers un art pauvre ou des r\u00e9alisations dans la nature (land art).<\/span><\/p>\n<p><span style=\"color: #000000;\"><strong>Les lundis 6, 13 octobre, 3, 10, 17, 24 novembre, 1, 8, 15 d\u00e9cembre 2025, 5, 12, 19 et 26 janvier 2026<\/strong><\/span><\/p>\n<p><span style=\"color: #339966;\"><strong>13 s\u00e9ances 65\u20ac soit 5\u20ac la s\u00e9ance<\/strong><\/span><\/p>\n\n\n<p class=\"has-text-color has-link-color wp-elements-7e49f35caf15b6bf2f56d0c7fa4b2b4a\" style=\"color:#038e5b\"><strong>total de 120\u20ac si les 2 cours sont pris.<\/strong><\/p>\n\n\n\n<p><\/p>\n","protected":false},"excerpt":{"rendered":"<p>COURS D&rsquo;HISTOIRE DE L&rsquo;ART Pr\u00e9sent\u00e9s par Romain MATHIEU, Historien et Docteur en Histoire de l\u2019Art, Critique pour l\u2019Art presse et enseignant \u00e0 l\u2019Ecole Sup\u00e9rieure d\u2019Art et de Design de Saint Etienne Cours 15h &#8211; 16h30\u00a0: L\u2019Ancien testament en peinture (II) Nous poursuivons notre parcours dans l\u2019histoire de l\u2019art \u00e0 partir d\u2019un texte fondateur, l\u2019Ancien Testament, [&hellip;]<\/p>\n","protected":false},"author":1,"featured_media":0,"parent":138,"menu_order":0,"comment_status":"closed","ping_status":"closed","template":"","meta":{"footnotes":""},"class_list":["post-1106","page","type-page","status-publish","hentry"],"_links":{"self":[{"href":"https:\/\/www.acapp.fr\/index.php\/wp-json\/wp\/v2\/pages\/1106","targetHints":{"allow":["GET"]}}],"collection":[{"href":"https:\/\/www.acapp.fr\/index.php\/wp-json\/wp\/v2\/pages"}],"about":[{"href":"https:\/\/www.acapp.fr\/index.php\/wp-json\/wp\/v2\/types\/page"}],"author":[{"embeddable":true,"href":"https:\/\/www.acapp.fr\/index.php\/wp-json\/wp\/v2\/users\/1"}],"replies":[{"embeddable":true,"href":"https:\/\/www.acapp.fr\/index.php\/wp-json\/wp\/v2\/comments?post=1106"}],"version-history":[{"count":3,"href":"https:\/\/www.acapp.fr\/index.php\/wp-json\/wp\/v2\/pages\/1106\/revisions"}],"predecessor-version":[{"id":1152,"href":"https:\/\/www.acapp.fr\/index.php\/wp-json\/wp\/v2\/pages\/1106\/revisions\/1152"}],"up":[{"embeddable":true,"href":"https:\/\/www.acapp.fr\/index.php\/wp-json\/wp\/v2\/pages\/138"}],"wp:attachment":[{"href":"https:\/\/www.acapp.fr\/index.php\/wp-json\/wp\/v2\/media?parent=1106"}],"curies":[{"name":"wp","href":"https:\/\/api.w.org\/{rel}","templated":true}]}}