{"id":1080,"date":"2025-08-22T17:39:40","date_gmt":"2025-08-22T15:39:40","guid":{"rendered":"https:\/\/www.acapp.fr\/?page_id=1080"},"modified":"2025-08-22T17:39:40","modified_gmt":"2025-08-22T15:39:40","slug":"conference-croatie","status":"publish","type":"page","link":"https:\/\/www.acapp.fr\/index.php\/conferences\/conference-croatie\/","title":{"rendered":"Conference croatie"},"content":{"rendered":"\n<p class=\"has-text-align-center has-vivid-red-color has-secondary-background-color has-text-color has-background has-link-color has-large-font-size wp-elements-3bc7ac37b8a2c39262dcaa83a79c943a\"><strong>Conf\u00e9rence <em>\u00ab\u00a0La Croatie de l\u2019Antiquit\u00e9 au XVII\u00e8me si\u00e8cle \u00bb<\/em><\/strong><\/p>\n\n\n\n<p class=\"has-text-align-center has-large-font-size\"><strong>MARDI 16 SEPTEMBRE 2025 \u00c0 18H<\/strong><\/p>\n\n\n\n<p class=\"has-text-align-center\"><strong>Pr\u00e9sent\u00e9e par Jean-Philippe LAGRUE Arch\u00e9ologue &#8211; conf\u00e9rencier en Histoire de l&rsquo;Art<\/strong><\/p>\n\n\n\n<figure class=\"wp-block-image aligncenter size-full is-resized\"><img loading=\"lazy\" decoding=\"async\" width=\"540\" height=\"312\" src=\"https:\/\/www.acapp.fr\/wp-content\/uploads\/2025\/08\/Dubrovnik-2.jpg\" alt=\"\" class=\"wp-image-1081\" style=\"width:427px;height:auto\" srcset=\"https:\/\/www.acapp.fr\/wp-content\/uploads\/2025\/08\/Dubrovnik-2.jpg 540w, https:\/\/www.acapp.fr\/wp-content\/uploads\/2025\/08\/Dubrovnik-2-300x173.jpg 300w\" sizes=\"auto, (max-width: 540px) 100vw, 540px\" \/><\/figure>\n\n\n<p><span style=\"color: #000000;\">Au contact des mondes latins et slaves, la Croatie n\u2019a cess\u00e9 de voir son territoire redessin\u00e9 par une succession de conqu\u00eates. Rattach\u00e9e \u00e0 l\u2019\u00e9poque romaine \u00e0 la pr\u00e9fecture d\u2019Italie, la c\u00f4te Dalmate a ainsi connu l&rsquo;influence des empires byzantins et Carolingiens, puis de la r\u00e9publique de Venise et de l&rsquo;Empire Ottoman tandis que les plaines du Nord de Slavonie et le bassin du Danube se pla\u00e7aient sous les influences Austro-Hongroises. Cette g\u00e9ographie particuli\u00e8re et cette histoire riche et troubl\u00e9e, ont conf\u00e9r\u00e9 \u00e0 la Croatie un patrimoine unique, o\u00f9 l\u2019antiquit\u00e9 est repr\u00e9sent\u00e9e \u00e0 Pula par le \u00ab Colis\u00e9e \u00bb et le temple d\u2019Auguste, le palais de Diocl\u00e9tien \u00e0 Split, tandis que l\u2019art byzantin et la Renaissance italienne dominent \u00e0 Porec, Split et Zador, et l\u2019\u00e9poque baroque \u00e0 Parast, Zagreb et \u00e0 Varazdin\u2026.<\/span><\/p>\n\n\n<p class=\"has-text-align-center\"><strong>Auditorium Andr\u00e9 No\u00ebl \u2013 H\u00f4tel de ville<\/strong><\/p>\n\n\n\n<p class=\"has-text-align-center\"><strong>Esplanade Bernardin Laugier \u2013 Istres<\/strong><\/p>\n\n\n\n<p><em>(L\u2019INSCRIPTION EST GRATUITE MAIS OBLIGATOIRE<\/em>)<\/p>\n","protected":false},"excerpt":{"rendered":"<p>Conf\u00e9rence \u00ab\u00a0La Croatie de l\u2019Antiquit\u00e9 au XVII\u00e8me si\u00e8cle \u00bb MARDI 16 SEPTEMBRE 2025 \u00c0 18H Pr\u00e9sent\u00e9e par Jean-Philippe LAGRUE Arch\u00e9ologue &#8211; conf\u00e9rencier en Histoire de l&rsquo;Art Au contact des mondes latins et slaves, la Croatie n\u2019a cess\u00e9 de voir son territoire redessin\u00e9 par une succession de conqu\u00eates. Rattach\u00e9e \u00e0 l\u2019\u00e9poque romaine \u00e0 la pr\u00e9fecture d\u2019Italie, [&hellip;]<\/p>\n","protected":false},"author":1,"featured_media":0,"parent":172,"menu_order":0,"comment_status":"closed","ping_status":"closed","template":"","meta":{"footnotes":""},"class_list":["post-1080","page","type-page","status-publish","hentry"],"_links":{"self":[{"href":"https:\/\/www.acapp.fr\/index.php\/wp-json\/wp\/v2\/pages\/1080","targetHints":{"allow":["GET"]}}],"collection":[{"href":"https:\/\/www.acapp.fr\/index.php\/wp-json\/wp\/v2\/pages"}],"about":[{"href":"https:\/\/www.acapp.fr\/index.php\/wp-json\/wp\/v2\/types\/page"}],"author":[{"embeddable":true,"href":"https:\/\/www.acapp.fr\/index.php\/wp-json\/wp\/v2\/users\/1"}],"replies":[{"embeddable":true,"href":"https:\/\/www.acapp.fr\/index.php\/wp-json\/wp\/v2\/comments?post=1080"}],"version-history":[{"count":1,"href":"https:\/\/www.acapp.fr\/index.php\/wp-json\/wp\/v2\/pages\/1080\/revisions"}],"predecessor-version":[{"id":1082,"href":"https:\/\/www.acapp.fr\/index.php\/wp-json\/wp\/v2\/pages\/1080\/revisions\/1082"}],"up":[{"embeddable":true,"href":"https:\/\/www.acapp.fr\/index.php\/wp-json\/wp\/v2\/pages\/172"}],"wp:attachment":[{"href":"https:\/\/www.acapp.fr\/index.php\/wp-json\/wp\/v2\/media?parent=1080"}],"curies":[{"name":"wp","href":"https:\/\/api.w.org\/{rel}","templated":true}]}}