{"id":1073,"date":"2025-08-22T11:28:51","date_gmt":"2025-08-22T09:28:51","guid":{"rendered":"https:\/\/www.acapp.fr\/?page_id=1073"},"modified":"2025-08-22T11:28:51","modified_gmt":"2025-08-22T09:28:51","slug":"aix-cezanne","status":"publish","type":"page","link":"https:\/\/www.acapp.fr\/index.php\/sorties-culturelles\/aix-cezanne\/","title":{"rendered":"AIX CEZANNE"},"content":{"rendered":"\n<p class=\"has-text-align-center has-vivid-red-color has-secondary-background-color has-text-color has-background has-link-color has-large-font-size wp-elements-8ce0d1c0f137f7a02664f964109dd9a4\"><strong>SORTIE CULTURELLE A AIX-EN-PROVENCE<\/strong><\/p>\n\n\n\n<p class=\"has-text-align-center has-vivid-red-color has-secondary-background-color has-text-color has-background has-link-color has-large-font-size wp-elements-65fd61d9e93b5e3859cb6ce1751bcf4c\"><strong>Visite guid\u00e9e du Domaine Saint-Joseph, au Tholonet &#8211; Exposition \u00ab\u00a0AUBRUN\u00a0\u00bb &#8211; et visite guid\u00e9e de la Bastide du Jas de Bouffan<\/strong><\/p>\n\n\n\n<p class=\"has-text-align-center has-large-font-size\"><strong>Jeudi 11 septembre 2025 en autocar<\/strong><\/p>\n\n\n\n<p class=\"has-text-align-center has-large-font-size\"><strong>Prix\u00a0: 40 euros (repas au restaurant compris)<\/strong><\/p>\n\n\n\n<div class=\"wp-block-group is-nowrap is-layout-flex wp-container-core-group-is-layout-6c531013 wp-block-group-is-layout-flex\">\n<figure class=\"wp-block-image size-full is-resized\"><img loading=\"lazy\" decoding=\"async\" width=\"498\" height=\"494\" src=\"https:\/\/www.acapp.fr\/wp-content\/uploads\/2025\/08\/WarningGIF.gif\" alt=\"\" class=\"wp-image-1074\" style=\"width:77px;height:auto\"\/><\/figure>\n\n\n\n<p class=\"has-foreground-color has-cyan-bluish-gray-background-color has-text-color has-background has-link-color wp-elements-71b30c1f2aaa2c0648dbcebd3be1f08f\"><strong>Rendez-vous \u00e0 7h45 au parking du conservatoire de Musique pour un d\u00e9part \u00e0 8h &#8211; Retour aux alentours de 18h (D\u00e9sormais les d\u00e9parts des sorties en autocar ne se feront plus \u00e0 la gare routi\u00e8re<\/strong>)<\/p>\n<\/div>\n\n\n\n<figure class=\"wp-block-image aligncenter size-full is-resized\"><img loading=\"lazy\" decoding=\"async\" width=\"800\" height=\"533\" src=\"https:\/\/www.acapp.fr\/wp-content\/uploads\/2025\/08\/domaine-saint-joseph.jpg\" alt=\"\" class=\"wp-image-1075\" style=\"width:291px;height:auto\" srcset=\"https:\/\/www.acapp.fr\/wp-content\/uploads\/2025\/08\/domaine-saint-joseph.jpg 800w, https:\/\/www.acapp.fr\/wp-content\/uploads\/2025\/08\/domaine-saint-joseph-300x200.jpg 300w, https:\/\/www.acapp.fr\/wp-content\/uploads\/2025\/08\/domaine-saint-joseph-768x512.jpg 768w\" sizes=\"auto, (max-width: 800px) 100vw, 800px\" \/><\/figure>\n\n\n<p><span style=\"color: #000000;\"><strong><u>Le matin :<\/u><\/strong><strong> 1<sup>er<\/sup> groupe \u00e0 9h30 et 2<sup>\u00e8me<\/sup> groupe \u00e0 10h30 : Visite guid\u00e9e du Domaine Saint-Joseph, au Tholonet &#8211; exposition \u00ab AUBRUN \u00bb<\/strong><\/span><\/p>\n<p><span style=\"color: #000000;\">L&rsquo;association Paysage endormi organise depuis 2022 des r\u00e9sidences d&rsquo;artistes au Domaine Saint-Joseph du Tholonet. Cette ann\u00e9e, dans le cadre de Cezanne 2025, elle entend raconter l&rsquo;histoire de celui qui y a v\u00e9cu et travaill\u00e9 pendant quarante ans : Fran\u00e7ois Aubrun, peintre de la lumi\u00e8re et du silence. Cezanne, Aubrun. Deux peintres qui, \u00e0 un demi-si\u00e8cle d\u2019intervalle, se sont post\u00e9s devant les m\u00eames paysages, avec la m\u00eame radicalit\u00e9 et le m\u00eame d\u00e9vouement.<\/span><\/p>\n<p><span style=\"color: #000000;\">Le premier a cherch\u00e9 \u00e0 traduire la solidit\u00e9 de la nature, et le second son immat\u00e9rialit\u00e9, mais la filiation, dans le fond, est \u00e9vidente. Car Aubrun, avec ses paysages consum\u00e9s de lumi\u00e8re, poursuit le geste d\u2019effacement C\u00e9zannien. Il le poursuit jusqu\u2019au bord de l\u2019abstraction. 40 ans apr\u00e8s la r\u00e9trospective du Mus\u00e9e Granet, l\u2019exposition nous invite \u00e0 red\u00e9couvrir cette \u0153uvre sensible et radicale sur le lieu m\u00eame de sa cr\u00e9ation, parmi les vestiges et les paysages qui l\u2019ont inspir\u00e9.<\/span><\/p>\n<p><span style=\"color: #000000;\">Gr\u00e2ce \u00e0 l&rsquo;ouverture exceptionnelle du Domaine Saint-Joseph, la fr\u00e9quentation du public international de l&rsquo;ann\u00e9e Cezanne, la publication d&rsquo;une nouvelle monographie et des projets de r\u00e9exploitations dans les institutions partenaires,<\/span><\/p>\n<p><span style=\"color: #000000;\">AUBRUN repr\u00e9sente un tournant dans le processus de reconnaissance publique et institutionnelle d&rsquo;un artiste majeur, qui compte parmi les derniers grands peintres naturalistes du XXe si\u00e8cle.<\/span><\/p>\n\n<p><span style=\"color: #000000;\"><strong>Pendant qu\u2019un groupe fera la visite de l\u2019exposition, l\u2019autre groupe partira sur la route Cezanne, seule route de France class\u00e9e Monument Historique, pour s\u2019immerger dans les hauts lieux d&rsquo;inspiration artistique du c\u00e9l\u00e8bre peintre proven\u00e7al jusqu\u2019au village de Beaurecueil.<\/strong><\/span><\/p>\n\n<p><span style=\"color: #000000;\"><strong><u>D\u00e9jeuner au restaurant \u00ab\u00a0L&rsquo;orangerie du Jas \u00bb\u00a0<\/u><\/strong><strong>: Entr\u00e9e : <\/strong>Carpaccio de tomates anciennes, stracciatella et basilic<strong>, Plat\u00a0: <\/strong>Tartare de loup de M\u00e9diterran\u00e9e, accompagn\u00e9 d\u2019un tian de l\u00e9gumes de Provence, cr\u00e8me de courgettes, condiment tomate et huile d\u2019herbes ou Tataki de b\u0153uf accompagn\u00e9 d\u2019un tian de l\u00e9gumes de Provence (servi froid), cr\u00e8me de courgettes, pesto au basilic, condiment tomate et pignons torr\u00e9fi\u00e9s, <strong>Dessert : <\/strong>Abricot confit, cr\u00e8me mont\u00e9e au basilic, gel citron et biscuit<\/span><\/p>\n\n\n<figure class=\"wp-block-image aligncenter size-large is-resized\"><img loading=\"lazy\" decoding=\"async\" width=\"1024\" height=\"512\" src=\"https:\/\/www.acapp.fr\/wp-content\/uploads\/2025\/08\/jas-de-bouffan-1024x512.jpg\" alt=\"\" class=\"wp-image-1076\" style=\"width:357px;height:auto\" srcset=\"https:\/\/www.acapp.fr\/wp-content\/uploads\/2025\/08\/jas-de-bouffan-1024x512.jpg 1024w, https:\/\/www.acapp.fr\/wp-content\/uploads\/2025\/08\/jas-de-bouffan-300x150.jpg 300w, https:\/\/www.acapp.fr\/wp-content\/uploads\/2025\/08\/jas-de-bouffan-768x384.jpg 768w, https:\/\/www.acapp.fr\/wp-content\/uploads\/2025\/08\/jas-de-bouffan.jpg 1200w\" sizes=\"auto, (max-width: 1024px) 100vw, 1024px\" \/><\/figure>\n\n\n<p><span style=\"color: #000000;\"><strong><u>L\u2019Apr\u00e8s-midi\u00a0:<\/u><\/strong><strong> 1<sup>er<\/sup> groupe \u00e0 13h45 et 2<sup>\u00e8me<\/sup> groupe \u00e0 14h : Visite guid\u00e9e de la Bastide du Jas de Bouffan<\/strong><\/span><\/p>\n<p><span style=\"color: #000000;\">Demeure familiale de Paul Cezanne pendant 40 ans, la bastide du Jas de Bouffan \u00e0 Aix-en-Provence vous ouvre progressivement ses portes. Ce chantier d\u2019envergure, r\u00e9v\u00e8le progressivement l\u2019h\u00e9ritage du p\u00e8re de l\u2019art moderne. Les visiteurs d\u00e9couvrent les premi\u00e8res pi\u00e8ces restaur\u00e9es, comme le premier atelier de l\u2019artiste, la grande cuisine proven\u00e7ale et la chambre de Madame Cezanne. Ils peuvent aussi profiter d\u2019une promenade immersive dans le parc. Ce lieu en pleine renaissance les invite \u00e0 devenir des explorateurs, t\u00e9moins des secrets r\u00e9v\u00e9l\u00e9s au fil de la visite.<\/span><\/p>\n\n\n<p class=\"has-text-align-center has-secondary-background-color has-background has-large-font-size\"><strong>Date de d\u00e9but d\u2019inscription\u00a0: MARDI 26 AO\u00dbT <\/strong><\/p>\n\n\n\n<p><\/p>\n","protected":false},"excerpt":{"rendered":"<p>SORTIE CULTURELLE A AIX-EN-PROVENCE Visite guid\u00e9e du Domaine Saint-Joseph, au Tholonet &#8211; Exposition \u00ab\u00a0AUBRUN\u00a0\u00bb &#8211; et visite guid\u00e9e de la Bastide du Jas de Bouffan Jeudi 11 septembre 2025 en autocar Prix\u00a0: 40 euros (repas au restaurant compris) Rendez-vous \u00e0 7h45 au parking du conservatoire de Musique pour un d\u00e9part \u00e0 8h &#8211; Retour aux [&hellip;]<\/p>\n","protected":false},"author":1,"featured_media":0,"parent":103,"menu_order":0,"comment_status":"closed","ping_status":"closed","template":"","meta":{"footnotes":""},"class_list":["post-1073","page","type-page","status-publish","hentry"],"_links":{"self":[{"href":"https:\/\/www.acapp.fr\/index.php\/wp-json\/wp\/v2\/pages\/1073","targetHints":{"allow":["GET"]}}],"collection":[{"href":"https:\/\/www.acapp.fr\/index.php\/wp-json\/wp\/v2\/pages"}],"about":[{"href":"https:\/\/www.acapp.fr\/index.php\/wp-json\/wp\/v2\/types\/page"}],"author":[{"embeddable":true,"href":"https:\/\/www.acapp.fr\/index.php\/wp-json\/wp\/v2\/users\/1"}],"replies":[{"embeddable":true,"href":"https:\/\/www.acapp.fr\/index.php\/wp-json\/wp\/v2\/comments?post=1073"}],"version-history":[{"count":1,"href":"https:\/\/www.acapp.fr\/index.php\/wp-json\/wp\/v2\/pages\/1073\/revisions"}],"predecessor-version":[{"id":1077,"href":"https:\/\/www.acapp.fr\/index.php\/wp-json\/wp\/v2\/pages\/1073\/revisions\/1077"}],"up":[{"embeddable":true,"href":"https:\/\/www.acapp.fr\/index.php\/wp-json\/wp\/v2\/pages\/103"}],"wp:attachment":[{"href":"https:\/\/www.acapp.fr\/index.php\/wp-json\/wp\/v2\/media?parent=1073"}],"curies":[{"name":"wp","href":"https:\/\/api.w.org\/{rel}","templated":true}]}}