{"id":1022,"date":"2025-04-27T19:01:43","date_gmt":"2025-04-27T17:01:43","guid":{"rendered":"https:\/\/www.acapp.fr\/?page_id=1022"},"modified":"2025-04-27T19:01:43","modified_gmt":"2025-04-27T17:01:43","slug":"tout-portrait","status":"publish","type":"page","link":"https:\/\/www.acapp.fr\/index.php\/actions\/tout-portrait\/","title":{"rendered":"Tout portrait"},"content":{"rendered":"\n<p class=\"has-foreground-color has-text-color has-link-color wp-elements-99cfb9655e5645c73af88c48e48b25fe\"><strong>L\u2019Association ACAPP organise un \u00ab&nbsp;Rendez-vous d\u2019Artistes<\/strong>&nbsp;<strong>\u00bb<\/strong><\/p>\n\n\n\n<p class=\"has-text-align-center has-foreground-color has-text-color has-link-color has-large-font-size wp-elements-7697ba6da1ee73849404adec3fb885a9\"><strong><u>Vendredi 23 mai 2025 \u00e0 18h30<\/u><\/strong><\/p>\n\n\n\n<p class=\"has-text-align-center has-vivid-red-color has-text-color has-link-color wp-elements-116394faefbd59876a162e2902a47869\"><strong><u>Th\u00e8me : \u00ab TOUT PORTRAIT \u00bb<\/u><\/strong><\/p>\n\n\n\n<p class=\"has-text-align-center has-foreground-color has-text-color has-link-color wp-elements-a31a12e3fd34a3436725226363e0cf14\"><strong>Salle Mas Gouin<\/strong><strong>8 Rue Eug\u00e8ne Godefroy, 13800 Istres<\/strong><\/p>\n\n\n\n<figure class=\"wp-block-image aligncenter size-full is-resized\"><img loading=\"lazy\" decoding=\"async\" width=\"338\" height=\"262\" src=\"https:\/\/www.acapp.fr\/wp-content\/uploads\/2025\/04\/Portrait.jpg\" alt=\"\" class=\"wp-image-1023\" style=\"width:433px;height:auto\" srcset=\"https:\/\/www.acapp.fr\/wp-content\/uploads\/2025\/04\/Portrait.jpg 338w, https:\/\/www.acapp.fr\/wp-content\/uploads\/2025\/04\/Portrait-300x233.jpg 300w\" sizes=\"auto, (max-width: 338px) 100vw, 338px\" \/><\/figure>\n\n\n\n<blockquote class=\"wp-block-quote is-layout-flow wp-block-quote-is-layout-flow\">\n<p class=\"has-foreground-color has-text-color has-link-color wp-elements-1a6c9b559f3e6edc4e209959dc764cd8\"><strong>Th\u00e8me retenu par un collectif de plusieurs participants aux Rendez-vous d\u2019artistes.<\/strong><\/p>\n\n\n\n<p class=\"has-foreground-color has-text-color has-link-color wp-elements-70926ec77246be391a91ab34a583e34d\"><strong><em>Bonjour \u00e0 tous, un grand plaisir de vous retrouver ! Faisant suite \u00e0 la superbe conf\u00e9rence de Monsieur Lagrue sur l\u2019autoportrait, je vous propose d&rsquo;en \u00e9largir le th\u00e8me : tout portrait sera notre sujet, \u00e0 votre gr\u00e9.<\/em><\/strong><\/p>\n\n\n\n<p class=\"has-foreground-color has-text-color has-link-color wp-elements-05733d71a41449d12d53f49d7750c098\"><strong><em>Soit en vous inspirant d&rsquo;un artiste de votre choix ancien ou r\u00e9cent, soit en choisissant pour votre travail une \u00e9cole particuli\u00e8re : r\u00e9alisme, cubisme, impressionnisme, symbolisme. La liste est riche et longue !<\/em><\/strong><\/p>\n\n\n\n<p class=\"has-foreground-color has-text-color has-link-color wp-elements-b4a9c4f4ee435e2f3c83ec01cb5a4bc8\"><strong><em>Et pour donner un peu de peps et de fantaisie, je vous propose de l&rsquo;accompagner d&rsquo;un ou plusieurs animaux, comme \u00e7a se passe souvent dans la peinture. Vous pouvez les int\u00e9grer au d\u00e9cor, ou seuls comme un animal privil\u00e9gi\u00e9&#8230;Les rois ne s&rsquo;en sont pas priv\u00e9s avec leur cheval ! mais pensez aussi Franz Marc, Frida Kahlo, Rosa Bonheur, et tant d\u2019autres !<\/em><\/strong><\/p>\n\n\n\n<p class=\"has-foreground-color has-text-color has-link-color wp-elements-9d4a970f6c139873e3ba218483fbdb3e\"><strong><em>Je vous souhaite beaucoup de plaisir et nous nous retrouvons tr\u00e8s bient\u00f4t, dans la convivialit\u00e9 et la bonne humeur !! Liliane Jouvet<\/em><\/strong><\/p>\n<\/blockquote>\n\n\n\n<p class=\"has-foreground-color has-text-color has-link-color wp-elements-4189516acb8e1bb5601a107f37d3aee9\"><strong>Chaque personne apportant une \u0153uvre devra le faire savoir lors de son inscription et venir 5mn avant l\u2019heure de d\u00e9but, afin d\u2019accrocher son \u0153uvre<\/strong>.<\/p>\n\n\n\n<p class=\"has-foreground-color has-text-color has-link-color wp-elements-d504058b8620144dc9590d96014b9545\"><strong>L\u2019ACAPP pourra fournir des petits chevalets pour poser vos \u0153uvres. Si le format est trop important ou pour les sculptures, porter votre support si vous en avez la possibilit\u00e9.<\/strong><\/p>\n\n\n\n<p class=\"has-foreground-color has-text-color has-link-color wp-elements-9ef99c43798ede690bd8b2d0fe0102b3\"><em><strong>Ap\u00e9ritif&nbsp;: Le principe est le repas \u00ab tir\u00e9 du sac \u00bb \u00e0 savoir que chacun apporte un mets et le partage. L\u2019ACAPP offre les boissons.<\/strong><\/em><\/p>\n\n\n\n<p class=\"has-text-align-center has-foreground-color has-text-color has-link-color wp-elements-4f33965e7ae1a50c33476fd01436a4b0\"><strong><u>Date de d\u00e9but d\u2019inscription&nbsp;: D\u00e8s r\u00e9ception de l\u2019information<\/u><\/strong><\/p>\n\n\n\n<p class=\"has-text-align-center has-foreground-color has-text-color has-link-color wp-elements-d80c4b87c61252c0da8e1f6b60d2a3a2\"><strong><u>Date limite d\u2019inscription : lundi 19 mai 2025<\/u><\/strong><\/p>\n\n\n\n<p class=\"has-foreground-color has-text-color has-link-color wp-elements-0995547ca659b44fd1a7886ed4f6f2c4\"><strong><u>Inscription obligatoire<\/u>&nbsp;sur place ou par t\u00e9l\u00e9phone<\/strong><\/p>\n","protected":false},"excerpt":{"rendered":"<p>L\u2019Association ACAPP organise un \u00ab&nbsp;Rendez-vous d\u2019Artistes&nbsp;\u00bb Vendredi 23 mai 2025 \u00e0 18h30 Th\u00e8me : \u00ab TOUT PORTRAIT \u00bb Salle Mas Gouin8 Rue Eug\u00e8ne Godefroy, 13800 Istres Th\u00e8me retenu par un collectif de plusieurs participants aux Rendez-vous d\u2019artistes. Bonjour \u00e0 tous, un grand plaisir de vous retrouver ! Faisant suite \u00e0 la superbe conf\u00e9rence de Monsieur [&hellip;]<\/p>\n","protected":false},"author":1,"featured_media":0,"parent":272,"menu_order":0,"comment_status":"closed","ping_status":"closed","template":"","meta":{"footnotes":""},"class_list":["post-1022","page","type-page","status-publish","hentry"],"_links":{"self":[{"href":"https:\/\/www.acapp.fr\/index.php\/wp-json\/wp\/v2\/pages\/1022","targetHints":{"allow":["GET"]}}],"collection":[{"href":"https:\/\/www.acapp.fr\/index.php\/wp-json\/wp\/v2\/pages"}],"about":[{"href":"https:\/\/www.acapp.fr\/index.php\/wp-json\/wp\/v2\/types\/page"}],"author":[{"embeddable":true,"href":"https:\/\/www.acapp.fr\/index.php\/wp-json\/wp\/v2\/users\/1"}],"replies":[{"embeddable":true,"href":"https:\/\/www.acapp.fr\/index.php\/wp-json\/wp\/v2\/comments?post=1022"}],"version-history":[{"count":1,"href":"https:\/\/www.acapp.fr\/index.php\/wp-json\/wp\/v2\/pages\/1022\/revisions"}],"predecessor-version":[{"id":1024,"href":"https:\/\/www.acapp.fr\/index.php\/wp-json\/wp\/v2\/pages\/1022\/revisions\/1024"}],"up":[{"embeddable":true,"href":"https:\/\/www.acapp.fr\/index.php\/wp-json\/wp\/v2\/pages\/272"}],"wp:attachment":[{"href":"https:\/\/www.acapp.fr\/index.php\/wp-json\/wp\/v2\/media?parent=1022"}],"curies":[{"name":"wp","href":"https:\/\/api.w.org\/{rel}","templated":true}]}}