{"id":1016,"date":"2025-04-27T18:03:53","date_gmt":"2025-04-27T16:03:53","guid":{"rendered":"https:\/\/www.acapp.fr\/?page_id=1016"},"modified":"2025-04-27T18:03:53","modified_gmt":"2025-04-27T16:03:53","slug":"montpellier","status":"publish","type":"page","link":"https:\/\/www.acapp.fr\/index.php\/sorties-culturelles\/montpellier\/","title":{"rendered":"Montpellier"},"content":{"rendered":"\n<p class=\"has-text-align-center has-foreground-color has-secondary-background-color has-text-color has-background has-link-color has-large-font-size wp-elements-47a97260ae77546d886b36eb910e53cb\"><strong>SORTIE CULTURELLE \u00c0 MONTPELLIER<\/strong><\/p>\n\n\n\n<p class=\"has-text-align-center has-foreground-color has-text-color has-link-color has-large-font-size wp-elements-7259abcce44da551c32f65145729616b\"><strong>Visite guid\u00e9e au MO.CO. et au MO.CO. Panac\u00e9e<\/strong> <strong>&amp; visite libre de Montpellier<\/strong><\/p>\n\n\n\n<p class=\"has-text-align-center has-vivid-red-color has-text-color has-link-color has-large-font-size wp-elements-b49330dc3d5c2ae0d367a9a85b15001d\"><strong>Mercredi 14 mai 2025 en autocar<\/strong><\/p>\n\n\n\n<p class=\"has-text-align-center has-vivid-red-color has-text-color has-link-color has-large-font-size wp-elements-b98e610759e9f73c210bb5edfe08fcd2\"><strong>Prix<\/strong> <strong>20\u20ac<\/strong><\/p>\n\n\n\n<p>Rendez-vous \u00e0 <strong>8h15<\/strong> \u00e0 la gare routi\u00e8re du Palio pour un d\u00e9part \u00e0 <strong>8h30 <\/strong>&#8211; Retour aux alentours de <strong>19h.<\/strong><\/p>\n\n\n\n<p><strong>Deux groupes de 25 personnes<\/strong><\/p>\n\n\n<p><span style=\"color: #000000;\">Apr\u00e8s une saison consacr\u00e9e \u00e0 la peinture figurative contemporaine en France, puis aux liens entre l&rsquo;art et la litt\u00e9rature, MO.CO. Montpellier Contemporain propose cette ann\u00e9e trois expositions sur ses deux centres d\u2019art qui explorent les relations entre l&rsquo;art et la science. Ce th\u00e8me r\u00e9sonne avec l\u2019histoire de la Ville de Montpellier ayant jou\u00e9 un r\u00f4le majeur dans l\u2019enseignement, la diffusion des connaissances et la recherche scientifique.<\/span><\/p>\n\n<p><span style=\"color: #000000;\"><strong><u>Le matin :<\/u><\/strong><\/span><\/p>\n<p><span style=\"color: #000000;\"><strong>1<sup>er<\/sup> groupe\u00a0: Visite guid\u00e9e du MO.CO. \u00ab\u00a0Eprouver l\u2019inconnu\u00a0\u00bb rendez-vous devant \u00e0 10h45 d\u00e9but de la visite \u00e0 11h<\/strong><\/span><\/p>\n<ul>\n<li><span style=\"color: #000000;\">L\u2019Exposition \u00ab\u00a0Eprouver l&rsquo;inconnu\u00a0\u00bb rassemble plus de cent \u0153uvres d\u2019une trentaine d\u2019artistes, proposant ainsi un parcours d\u00e9cloisonn\u00e9 et poreux entre mati\u00e8res, exp\u00e9rimentations, disciplines et \u00e9poques, afin de mettre la r\u00e9alit\u00e9 \u2013 ou ce que l\u2019on en conna\u00eet \u2013 \u00e0 l\u2019\u00e9preuve. Les artistes de l&rsquo;exposition\u00a0<em>\u00c9prouver l\u2019inconnu<\/em>\u00a0sont parfois issus de formations scientifiques, quand d&rsquo;autres ont collabor\u00e9 avec des scientifiques ou sont simplement passionn\u00e9s par l\u2019un de ces domaines. Ils partagent l\u2019exp\u00e9rimentation de l\u2019inconnu par le d\u00e9tournement des formes ou proc\u00e9d\u00e9s scientifiques.<\/span><\/li>\n<\/ul>\n<p><span style=\"color: #000000;\">\u00a0<strong>2<sup>\u00e8me<\/sup> groupe\u00a0: Visite guid\u00e9e du MO.CO. Panac\u00e9e \u00ab\u00a0Prodrome\u00a0\u00bb de Pierre Unal-Brunet et \u00ab\u00a0Metempsychosis\u00a0\u00bb de Ivana Ba\u0161i\u0107 rendez-vous devant \u00e0 10h45 d\u00e9but de la visite \u00e0 11h<\/strong><\/span><\/p>\n<ul>\n<li><span style=\"color: #000000;\">Pierre Unal-Brunet est n\u00e9 en 1993 en France\u202fet vit \u00e0 Paris et S\u00e8te. Il glane des mat\u00e9riaux inertes, d\u00e9bris et autres surplus du monde issus de zones de r\u00e9colte aqueuses. Il les assemble pour former des \u00eatres-objets au sein d\u2019installations m\u00ealant peintures, sculptures et dessins \u00e0 l\u2019encre. Avec une approche de l\u2019\u00e9volution \u00e0 la fronti\u00e8re de la cryptozoologie, ses recherches puisent dans des articles scientifiques issus de l\u2019ichtyologie (l\u2019\u00e9tude des poissons) et de la biologie marine, comme dans des affabulations sur ces territoires de r\u00e9colte. En r\u00e9sulte un environnement science-fictionnel habit\u00e9 de corps composites. Un prodrome est un signe avant-coureur, le sympt\u00f4me annonciateur d\u2019un changement d\u2019\u00e9tat, d\u2019un bouleversement. Pour l\u2019\u0153il attentif, il est une anomalie qui jaillit du quotidien et nous informe sur un d\u00e9sordre \u00e0 venir.<\/span><\/li>\n<li><span style=\"color: #000000;\"><em>Metempsychosis\u00a0<\/em>d\u2019Ivana Ba\u0161i\u0107 prend la forme d\u2019un rite de passage, un voyage spatial qui interroge les fronti\u00e8res mat\u00e9rielles et m\u00e9taphysiques de l\u2019humanit\u00e9. \u00c0 travers plus de vingt \u0153uvres, l\u2019exposition rassemble sculptures, dessins, vid\u00e9o et un retable robotique de sept m\u00e8tres de long. Le parcours invite le public \u00e0 un voyage surr\u00e9el au sein duquel la dissolution des corps et du monde mat\u00e9riel n\u2019est pas per\u00e7ue comme une perte, mais comme l\u2019instance d\u2019une potentialit\u00e9 radicale.<\/span><\/li>\n<\/ul>\n\n\n<p class=\"has-foreground-color has-text-color has-link-color wp-elements-fd42a1a1b5271bcbd455f4e4fa355ce4\"><strong><u>D\u00e9jeuner libre<\/u><\/strong><\/p>\n\n\n<p><span style=\"color: #000000;\"><strong><u>L\u2019Apr\u00e8s-midi\u00a0:<\/u><\/strong><\/span><\/p>\n<p><span style=\"color: #000000;\"><strong>Inversion de deux groupes, d\u00e9but des visites \u00e0 14h30, rendez-vous \u00e0 14h 15 devant le MO.CO. Panac\u00e9e pour le 1<sup>er<\/sup> groupe et devant le MO.CO. pour le 2<sup>\u00e8me<\/sup> groupe.<\/strong><\/span><\/p>\n\n<p><span style=\"color: #000000;\">Le ch\u00e8que de <strong>20\u20ac<\/strong> est \u00e0 libeller au nom de <strong>l\u2019ACAPP<\/strong>.<\/span><\/p>\n<p><span style=\"color: #000000;\"><strong><u>Inscriptions<\/u><\/strong><strong>\u00a0: sur place ou par t\u00e9l\u00e9phone<\/strong> <strong>: <\/strong>ACAPP 6 rue Juiverie 13800 Istres T\u00e9l.\u00a0: <strong>04 13 22 81 33<\/strong>.\u00a0\u00a0\u00a0\u00a0\u00a0\u00a0\u00a0\u00a0\u00a0\u00a0\u00a0\u00a0\u00a0<\/span><\/p>\n<p><em><span style=\"color: #000000;\"><strong>En cas de probl\u00e8me le jour de la sortie Mme LEZER Fran\u00e7oise : 06.25.42.03.16<\/strong><\/span><\/em><\/p>","protected":false},"excerpt":{"rendered":"<p>SORTIE CULTURELLE \u00c0 MONTPELLIER Visite guid\u00e9e au MO.CO. et au MO.CO. Panac\u00e9e &amp; visite libre de Montpellier Mercredi 14 mai 2025 en autocar Prix 20\u20ac Rendez-vous \u00e0 8h15 \u00e0 la gare routi\u00e8re du Palio pour un d\u00e9part \u00e0 8h30 &#8211; Retour aux alentours de 19h. Deux groupes de 25 personnes Apr\u00e8s une saison consacr\u00e9e \u00e0 [&hellip;]<\/p>\n","protected":false},"author":1,"featured_media":0,"parent":103,"menu_order":0,"comment_status":"closed","ping_status":"closed","template":"","meta":{"footnotes":""},"class_list":["post-1016","page","type-page","status-publish","hentry"],"_links":{"self":[{"href":"https:\/\/www.acapp.fr\/index.php\/wp-json\/wp\/v2\/pages\/1016","targetHints":{"allow":["GET"]}}],"collection":[{"href":"https:\/\/www.acapp.fr\/index.php\/wp-json\/wp\/v2\/pages"}],"about":[{"href":"https:\/\/www.acapp.fr\/index.php\/wp-json\/wp\/v2\/types\/page"}],"author":[{"embeddable":true,"href":"https:\/\/www.acapp.fr\/index.php\/wp-json\/wp\/v2\/users\/1"}],"replies":[{"embeddable":true,"href":"https:\/\/www.acapp.fr\/index.php\/wp-json\/wp\/v2\/comments?post=1016"}],"version-history":[{"count":1,"href":"https:\/\/www.acapp.fr\/index.php\/wp-json\/wp\/v2\/pages\/1016\/revisions"}],"predecessor-version":[{"id":1017,"href":"https:\/\/www.acapp.fr\/index.php\/wp-json\/wp\/v2\/pages\/1016\/revisions\/1017"}],"up":[{"embeddable":true,"href":"https:\/\/www.acapp.fr\/index.php\/wp-json\/wp\/v2\/pages\/103"}],"wp:attachment":[{"href":"https:\/\/www.acapp.fr\/index.php\/wp-json\/wp\/v2\/media?parent=1016"}],"curies":[{"name":"wp","href":"https:\/\/api.w.org\/{rel}","templated":true}]}}