{"id":1010,"date":"2025-04-27T11:27:11","date_gmt":"2025-04-27T09:27:11","guid":{"rendered":"https:\/\/www.acapp.fr\/?page_id=1010"},"modified":"2025-04-27T11:27:11","modified_gmt":"2025-04-27T09:27:11","slug":"musique-cezanne","status":"publish","type":"page","link":"https:\/\/www.acapp.fr\/index.php\/conferences\/musique-cezanne\/","title":{"rendered":"Musique Cezanne"},"content":{"rendered":"\n<p class=\"has-text-align-center has-foreground-color has-secondary-background-color has-text-color has-background has-link-color has-large-font-size wp-elements-a69298f3be8a32eafbff237c63be37ab\"><strong>Conf\u00e9rence<\/strong> <strong><em>\u00ab\u00a0La musique au temps de C\u00e9zanne \u00bb<\/em><\/strong><\/p>\n\n\n\n<p class=\"has-text-align-center has-large-font-size\"><strong>MARDI 13 MAI 2025 \u00c0 18H<\/strong><\/p>\n\n\n\n<p class=\"has-text-align-center\"><strong>Pr\u00e9sent\u00e9e par Fran\u00e7oise Espitalier-Canonge<\/strong> <strong>&#8211; Conf\u00e9renci\u00e8re<\/strong><\/p>\n\n\n\n<figure class=\"wp-block-image aligncenter size-full\"><img loading=\"lazy\" decoding=\"async\" width=\"417\" height=\"273\" src=\"https:\/\/www.acapp.fr\/wp-content\/uploads\/2025\/04\/jeune-fille-au-piano.jpg\" alt=\"\" class=\"wp-image-1011\" srcset=\"https:\/\/www.acapp.fr\/wp-content\/uploads\/2025\/04\/jeune-fille-au-piano.jpg 417w, https:\/\/www.acapp.fr\/wp-content\/uploads\/2025\/04\/jeune-fille-au-piano-300x196.jpg 300w\" sizes=\"auto, (max-width: 417px) 100vw, 417px\" \/><\/figure>\n\n\n<p><span style=\"color: #000000;\">C\u00e9zanne a v\u00e9cu durant une p\u00e9riode artistique tr\u00e8s foisonnante en France \u00e0 la fin du XIX\u00b0 si\u00e8cle et au d\u00e9but du XX\u00b0. En peinture bien s\u00fbr, avec les r\u00e9alistes, les impressionnistes, les symbolistes&#8230;. mais \u00e9galement en musique o\u00f9 le courant romantique est encore tr\u00e8s vivace et en litt\u00e9rature aussi, avec les r\u00e9alistes et les naturalistes dont Emile Zola, aixois lui aussi, et les magnifiques po\u00e8tes comme Verlaine par exemple sans oublier les sculpteurs dont le tr\u00e8s fameux Rodin.<\/span><\/p>\n<p><span style=\"color: #000000;\"> C\u00e9zanne les a-t-il c\u00f4toy\u00e9s ? Participait-il \u00e0 leurs rencontres ? Fr\u00e9quentait-il ces cercles d&rsquo;artistes mais aussi d&rsquo;amateurs, de m\u00e9c\u00e8nes ? Les connaissait-il seulement ? Etait-il ouvert \u00e0 d&rsquo;autres pratiques artistiques que la sienne ?<\/span><\/p>\n\n\n<p class=\"has-text-align-center\"><strong>Auditorium Andr\u00e9 No\u00ebl \u2013 H\u00f4tel de ville<\/strong><\/p>\n\n\n\n<p class=\"has-text-align-center\"><strong>Esplanade Bernardin Laugier \u2013 Istres<\/strong><\/p>\n\n\n\n<p class=\"has-text-align-center has-foreground-color has-text-color has-link-color wp-elements-5f9398eb4c140e7f016e8cd387b2d4b3\">\u00a0<em><strong>(L\u2019INSCRIPTION EST GRATUITE MAIS OBLIGATOIRE)<\/strong><\/em><\/p>\n\n\n\n<p><\/p>\n","protected":false},"excerpt":{"rendered":"<p>Conf\u00e9rence \u00ab\u00a0La musique au temps de C\u00e9zanne \u00bb MARDI 13 MAI 2025 \u00c0 18H Pr\u00e9sent\u00e9e par Fran\u00e7oise Espitalier-Canonge &#8211; Conf\u00e9renci\u00e8re C\u00e9zanne a v\u00e9cu durant une p\u00e9riode artistique tr\u00e8s foisonnante en France \u00e0 la fin du XIX\u00b0 si\u00e8cle et au d\u00e9but du XX\u00b0. En peinture bien s\u00fbr, avec les r\u00e9alistes, les impressionnistes, les symbolistes&#8230;. mais \u00e9galement [&hellip;]<\/p>\n","protected":false},"author":1,"featured_media":0,"parent":172,"menu_order":0,"comment_status":"closed","ping_status":"closed","template":"","meta":{"footnotes":""},"class_list":["post-1010","page","type-page","status-publish","hentry"],"_links":{"self":[{"href":"https:\/\/www.acapp.fr\/index.php\/wp-json\/wp\/v2\/pages\/1010","targetHints":{"allow":["GET"]}}],"collection":[{"href":"https:\/\/www.acapp.fr\/index.php\/wp-json\/wp\/v2\/pages"}],"about":[{"href":"https:\/\/www.acapp.fr\/index.php\/wp-json\/wp\/v2\/types\/page"}],"author":[{"embeddable":true,"href":"https:\/\/www.acapp.fr\/index.php\/wp-json\/wp\/v2\/users\/1"}],"replies":[{"embeddable":true,"href":"https:\/\/www.acapp.fr\/index.php\/wp-json\/wp\/v2\/comments?post=1010"}],"version-history":[{"count":1,"href":"https:\/\/www.acapp.fr\/index.php\/wp-json\/wp\/v2\/pages\/1010\/revisions"}],"predecessor-version":[{"id":1012,"href":"https:\/\/www.acapp.fr\/index.php\/wp-json\/wp\/v2\/pages\/1010\/revisions\/1012"}],"up":[{"embeddable":true,"href":"https:\/\/www.acapp.fr\/index.php\/wp-json\/wp\/v2\/pages\/172"}],"wp:attachment":[{"href":"https:\/\/www.acapp.fr\/index.php\/wp-json\/wp\/v2\/media?parent=1010"}],"curies":[{"name":"wp","href":"https:\/\/api.w.org\/{rel}","templated":true}]}}